{"id":4081,"date":"2021-12-11T15:48:31","date_gmt":"2021-12-11T14:48:31","guid":{"rendered":"https:\/\/www.3dsro.sk\/wp1\/?post_type=product&#038;p=4081"},"modified":"2025-03-24T18:28:51","modified_gmt":"2025-03-24T17:28:51","slug":"25-64-a-absorpcny-element","status":"publish","type":"product","link":"https:\/\/www.3dsro.sk\/wp1\/obchod\/25-64-a-absorpcny-element\/","title":{"rendered":"25.64.A\u2022\u2022 Absorp\u010dn\u00fd element"},"content":{"rendered":"<p><strong style=\"margin: 0cm;\">Absorp\u010dn\u00e9 elementy<\/strong><\/p>\n<ul>\n<li>Ak plyn obsahuje kvapaliny vo forme pary, je vhodn\u00e9 pou\u017ei\u0165 absrop\u010dn\u00e9 filtra\u010dn\u00e9 elementy.<\/li>\n<li>Absorp\u010dn\u00e9 elementy sa pou\u017e\u00edvaj\u00fa aj na odstr\u00e1nenie plynov, napr\u00edklad v\u00fdpary kysel\u00edn a podobne.<\/li>\n<li>Dostupn\u00e9 absorp\u010dn\u00e9 materi\u00e1ly s\u00fa uveden\u00e9 ni\u017e\u0161ie.<\/li>\n<\/ul>\n<p><strong style=\"margin: 0cm;\">Dostupn\u00e9 prevedenie\u00a0<\/strong><\/p>\n<ul>\n<li>Prevedenie AD a AT s\u00fa ur\u010den\u00e9 pre \u0161tandardn\u00e9 teles\u00e1 filtrov<\/li>\n<li>Prevedenie AS je ur\u010den\u00e9 pre nerezov\u00e9 filtre<\/li>\n<li>V technickom liste ku ka\u017ed\u00e9mu telesu filtra je uveden\u00fd chodn\u00fd typ prevedenia<\/li>\n<\/ul>\n<div id=\"attachment_4070\" style=\"width: 1549px\" class=\"wp-caption alignnone\"><img decoding=\"async\" aria-describedby=\"caption-attachment-4070\" class=\"size-full wp-image-4070\" src=\"https:\/\/www.3dsro.sk\/wp1\/wp-content\/uploads\/2021\/12\/absopcne_latky_2.png\" alt=\"Absorpcne latky\" width=\"1539\" height=\"435\" srcset=\"https:\/\/www.3dsro.sk\/wp1\/wp-content\/uploads\/2021\/12\/absopcne_latky_2-200x57.png 200w, https:\/\/www.3dsro.sk\/wp1\/wp-content\/uploads\/2021\/12\/absopcne_latky_2-300x85.png 300w, https:\/\/www.3dsro.sk\/wp1\/wp-content\/uploads\/2021\/12\/absopcne_latky_2-400x113.png 400w, https:\/\/www.3dsro.sk\/wp1\/wp-content\/uploads\/2021\/12\/absopcne_latky_2-500x141.png 500w, https:\/\/www.3dsro.sk\/wp1\/wp-content\/uploads\/2021\/12\/absopcne_latky_2-600x170.png 600w, https:\/\/www.3dsro.sk\/wp1\/wp-content\/uploads\/2021\/12\/absopcne_latky_2-700x198.png 700w, https:\/\/www.3dsro.sk\/wp1\/wp-content\/uploads\/2021\/12\/absopcne_latky_2-768x217.png 768w, https:\/\/www.3dsro.sk\/wp1\/wp-content\/uploads\/2021\/12\/absopcne_latky_2-800x226.png 800w, https:\/\/www.3dsro.sk\/wp1\/wp-content\/uploads\/2021\/12\/absopcne_latky_2-1024x289.png 1024w, https:\/\/www.3dsro.sk\/wp1\/wp-content\/uploads\/2021\/12\/absopcne_latky_2-1200x339.png 1200w, https:\/\/www.3dsro.sk\/wp1\/wp-content\/uploads\/2021\/12\/absopcne_latky_2-1536x434.png 1536w, https:\/\/www.3dsro.sk\/wp1\/wp-content\/uploads\/2021\/12\/absopcne_latky_2.png 1539w\" sizes=\"(max-width: 1539px) 100vw, 1539px\" \/><p id=\"caption-attachment-4070\" class=\"wp-caption-text\">Absorpcne latky<\/p><\/div>\n<p>Referencia na vhodn\u00fd rozmer a prevedenie absop\u010dn\u00e9ho elementu je uveden\u00e1 v d\u00e1tovom liste ku ka\u017ed\u00e9mu telesu filtra &#8222;Absorber Cartrige Code&#8220;:<\/p>\n<p><img decoding=\"async\" class=\"alignnone size-full wp-image-4062\" src=\"https:\/\/www.3dsro.sk\/wp1\/wp-content\/uploads\/2021\/12\/referencia.png\" alt=\"\" width=\"1618\" height=\"48\" srcset=\"https:\/\/www.3dsro.sk\/wp1\/wp-content\/uploads\/2021\/12\/referencia-200x6.png 200w, https:\/\/www.3dsro.sk\/wp1\/wp-content\/uploads\/2021\/12\/referencia-300x9.png 300w, https:\/\/www.3dsro.sk\/wp1\/wp-content\/uploads\/2021\/12\/referencia-400x12.png 400w, https:\/\/www.3dsro.sk\/wp1\/wp-content\/uploads\/2021\/12\/referencia-500x15.png 500w, https:\/\/www.3dsro.sk\/wp1\/wp-content\/uploads\/2021\/12\/referencia-600x18.png 600w, https:\/\/www.3dsro.sk\/wp1\/wp-content\/uploads\/2021\/12\/referencia-700x21.png 700w, https:\/\/www.3dsro.sk\/wp1\/wp-content\/uploads\/2021\/12\/referencia-768x23.png 768w, https:\/\/www.3dsro.sk\/wp1\/wp-content\/uploads\/2021\/12\/referencia-800x24.png 800w, https:\/\/www.3dsro.sk\/wp1\/wp-content\/uploads\/2021\/12\/referencia-1024x30.png 1024w, https:\/\/www.3dsro.sk\/wp1\/wp-content\/uploads\/2021\/12\/referencia-1200x36.png 1200w, https:\/\/www.3dsro.sk\/wp1\/wp-content\/uploads\/2021\/12\/referencia-1536x46.png 1536w, https:\/\/www.3dsro.sk\/wp1\/wp-content\/uploads\/2021\/12\/referencia.png 1618w\" sizes=\"(max-width: 1618px) 100vw, 1618px\" \/><\/p>\n","protected":false},"excerpt":{"rendered":"<p style=\"margin: 0cm;\">Rozmer<strong> 25.64.A\u2022\u2022<\/strong><\/p>\n<ul>\n<li>Absorpcia vodnej pary<\/li>\n<li>Absorpcia v\u00fdparov kysl\u00edn<\/li>\n<li>Absorpcia CO<sub>2<\/sub>, NH<sub>3<\/sub>, H<sub>2<\/sub>S, SO<sub>x<\/sub>, HCl<\/li>\n<\/ul>\n<p style=\"margin: 0cm;\"><strong>Absorp\u010dn\u00e9 materi\u00e1ly:<\/strong><\/p>\n<ul style=\"margin: 0cm;\">\n<li>Akt\u00edvne uhlie<\/li>\n<li>Molekulov\u00e9 sit\u00e1<\/li>\n<li>Silika g\u00e9l<\/li>\n<li>Granul\u00e1t NaOH &amp; CaO<\/li>\n<li>Manganistan draseln\u00fd<\/li>\n<li>Hopkalit<\/li>\n<\/ul>\n<p>Materi\u00e1l tesnenia Viton<\/p>\n<p style=\"margin: 0cm;\">D\u00e1tov\u00fd list: <strong><a style=\"color: #ff0000;\" href=\"https:\/\/www.classicfilters.com\/pdf\/CF2.1\/052_Adsorption_Cartridges.pdf\" target=\"_blank\" rel=\"noopener noreferrer\">Absorp\u010dn\u00e9 elementy<\/a><\/strong><\/p>\n","protected":false},"featured_media":4075,"template":"","meta":{"_monsterinsights_skip_tracking":false,"_monsterinsights_sitenote_active":false,"_monsterinsights_sitenote_note":"","_monsterinsights_sitenote_category":0,"spay_email":""},"product_cat":[200,233],"product_tag":[],"class_list":["post-4081","product","type-product","status-publish","has-post-thumbnail","hentry","product_cat-absorpcia","product_cat-absorpcne-elemtny","pa_absorpcna-latka-activated-carbon","pa_absorpcna-latka-activated-carbon-cloth","pa_absorpcna-latka-molecular-sieve","pa_absorpcna-latka-molecular-sieve-13x","pa_absorpcna-latka-silica-gel-orange","pa_absorpcna-latka-silica-gel-blue","pa_absorpcna-latka-soda-lime","pa_absorpcna-latka-potassium-permanganate","pa_absorpcna-latka-hopcalite","pa_teplota-temp-50","pa_velkost-elementu-element-12-64"],"yoast_head":"<!-- This site is optimized with the Yoast SEO Premium plugin v18.1 (Yoast SEO v18.2) - https:\/\/yoast.com\/wordpress\/plugins\/seo\/ -->\n<title>25.64.A\u2022\u2022 Absorp\u010dn\u00fd element - 3dsro<\/title>\n<meta name=\"description\" content=\"Filtra\u010dn\u00e9 elementy vhodn\u00e9 na absorpciu vodnej pary, kysel\u00edn a absorpciu niektor\u00fdch komponentov, ako s\u00fa CO2, NH3, H2S, SOx, HCl z plynov.\" \/>\n<meta name=\"robots\" content=\"index, follow, max-snippet:-1, max-image-preview:large, max-video-preview:-1\" \/>\n<link rel=\"canonical\" href=\"https:\/\/www.3dsro.sk\/wp1\/obchod\/25-64-a-absorpcny-element\/\" \/>\n<meta property=\"og:locale\" content=\"sk_SK\" \/>\n<meta property=\"og:type\" content=\"article\" \/>\n<meta property=\"og:title\" content=\"25.64.A\u2022\u2022 Absorp\u010dn\u00fd element\" \/>\n<meta property=\"og:description\" content=\"Filtra\u010dn\u00e9 elementy vhodn\u00e9 na absorpciu vodnej pary, kysel\u00edn a absorpciu niektor\u00fdch komponentov, ako s\u00fa CO2, NH3, H2S, SOx, HCl z plynov.\" \/>\n<meta property=\"og:url\" content=\"https:\/\/www.3dsro.sk\/wp1\/obchod\/25-64-a-absorpcny-element\/\" \/>\n<meta property=\"og:site_name\" content=\"3dsro\" \/>\n<meta property=\"article:modified_time\" content=\"2025-03-24T17:28:51+00:00\" \/>\n<meta property=\"og:image\" content=\"https:\/\/www.3dsro.sk\/wp1\/wp-content\/uploads\/2021\/12\/002_Adsorption_Cartridges.jpg\" \/>\n\t<meta property=\"og:image:width\" content=\"1000\" \/>\n\t<meta property=\"og:image:height\" content=\"1000\" \/>\n\t<meta property=\"og:image:type\" content=\"image\/jpeg\" \/>\n<meta name=\"twitter:card\" content=\"summary_large_image\" \/>\n<meta name=\"twitter:label1\" content=\"Availability\" \/>\n\t<meta name=\"twitter:data1\" content=\"On backorder\" \/>\n<script type=\"application\/ld+json\" class=\"yoast-schema-graph\">{\"@context\":\"https:\/\/schema.org\",\"@graph\":[{\"@type\":\"Organization\",\"@id\":\"https:\/\/www.3dsro.sk\/wp1\/#organization\",\"name\":\"3D s.r.o.\",\"url\":\"https:\/\/www.3dsro.sk\/wp1\/\",\"sameAs\":[],\"logo\":{\"@type\":\"ImageObject\",\"@id\":\"https:\/\/www.3dsro.sk\/wp1\/#logo\",\"inLanguage\":\"sk-SK\",\"url\":\"https:\/\/www.3dsro.sk\/wp1\/wp-content\/uploads\/2020\/04\/logo-png-transp_300.png\",\"contentUrl\":\"https:\/\/www.3dsro.sk\/wp1\/wp-content\/uploads\/2020\/04\/logo-png-transp_300.png\",\"width\":300,\"height\":47,\"caption\":\"3D s.r.o.\"},\"image\":{\"@id\":\"https:\/\/www.3dsro.sk\/wp1\/#logo\"}},{\"@type\":\"WebSite\",\"@id\":\"https:\/\/www.3dsro.sk\/wp1\/#website\",\"url\":\"https:\/\/www.3dsro.sk\/wp1\/\",\"name\":\"3dsro\",\"description\":\"Process automation Robotics, Process Measurement, Control Systems\",\"publisher\":{\"@id\":\"https:\/\/www.3dsro.sk\/wp1\/#organization\"},\"potentialAction\":[{\"@type\":\"SearchAction\",\"target\":{\"@type\":\"EntryPoint\",\"urlTemplate\":\"https:\/\/www.3dsro.sk\/wp1\/?s={search_term_string}\"},\"query-input\":\"required name=search_term_string\"}],\"inLanguage\":\"sk-SK\"},{\"@type\":\"ImageObject\",\"@id\":\"https:\/\/www.3dsro.sk\/wp1\/obchod\/25-64-a-absorpcny-element\/#primaryimage\",\"inLanguage\":\"sk-SK\",\"url\":\"https:\/\/www.3dsro.sk\/wp1\/wp-content\/uploads\/2021\/12\/002_Adsorption_Cartridges.jpg\",\"contentUrl\":\"https:\/\/www.3dsro.sk\/wp1\/wp-content\/uploads\/2021\/12\/002_Adsorption_Cartridges.jpg\",\"width\":1000,\"height\":1000,\"caption\":\"absorpcne kazety elementy\"},{\"@type\":\"WebPage\",\"@id\":\"https:\/\/www.3dsro.sk\/wp1\/obchod\/25-64-a-absorpcny-element\/#webpage\",\"url\":\"https:\/\/www.3dsro.sk\/wp1\/obchod\/25-64-a-absorpcny-element\/\",\"name\":\"25.64.A\u2022\u2022 Absorp\u010dn\u00fd element - 3dsro\",\"isPartOf\":{\"@id\":\"https:\/\/www.3dsro.sk\/wp1\/#website\"},\"primaryImageOfPage\":{\"@id\":\"https:\/\/www.3dsro.sk\/wp1\/obchod\/25-64-a-absorpcny-element\/#primaryimage\"},\"datePublished\":\"2021-12-11T14:48:31+00:00\",\"dateModified\":\"2025-03-24T17:28:51+00:00\",\"description\":\"Filtra\u010dn\u00e9 elementy vhodn\u00e9 na absorpciu vodnej pary, kysel\u00edn a absorpciu niektor\u00fdch komponentov, ako s\u00fa CO2, NH3, H2S, SOx, HCl z plynov.\",\"breadcrumb\":{\"@id\":\"https:\/\/www.3dsro.sk\/wp1\/obchod\/25-64-a-absorpcny-element\/#breadcrumb\"},\"inLanguage\":\"sk-SK\",\"potentialAction\":[{\"@type\":\"ReadAction\",\"target\":[\"https:\/\/www.3dsro.sk\/wp1\/obchod\/25-64-a-absorpcny-element\/\"]}]},{\"@type\":\"BreadcrumbList\",\"@id\":\"https:\/\/www.3dsro.sk\/wp1\/obchod\/25-64-a-absorpcny-element\/#breadcrumb\",\"itemListElement\":[{\"@type\":\"ListItem\",\"position\":1,\"name\":\"Home\",\"item\":\"https:\/\/www.3dsro.sk\/wp1\/\"},{\"@type\":\"ListItem\",\"position\":2,\"name\":\"Obchod\",\"item\":\"https:\/\/www.3dsro.sk\/wp1\/obchod\/\"},{\"@type\":\"ListItem\",\"position\":3,\"name\":\"25.64.A\u2022\u2022 Absorp\u010dn\u00fd element\"}]}]}<\/script>\n<meta property=\"og:availability\" content=\"backorder\" \/>\n<meta property=\"product:availability\" content=\"available for order\" \/>\n<meta property=\"product:retailer_item_id\" content=\"25.64.A\u2022\u2022\" \/>\n<meta property=\"product:condition\" content=\"new\" \/>\n<!-- \/ Yoast SEO Premium plugin. -->","yoast_head_json":{"title":"25.64.A\u2022\u2022 Absorp\u010dn\u00fd element - 3dsro","description":"Filtra\u010dn\u00e9 elementy vhodn\u00e9 na absorpciu vodnej pary, kysel\u00edn a absorpciu niektor\u00fdch komponentov, ako s\u00fa CO2, NH3, H2S, SOx, HCl z plynov.","robots":{"index":"index","follow":"follow","max-snippet":"max-snippet:-1","max-image-preview":"max-image-preview:large","max-video-preview":"max-video-preview:-1"},"canonical":"https:\/\/www.3dsro.sk\/wp1\/obchod\/25-64-a-absorpcny-element\/","og_locale":"sk_SK","og_type":"article","og_title":"25.64.A\u2022\u2022 Absorp\u010dn\u00fd element","og_description":"Filtra\u010dn\u00e9 elementy vhodn\u00e9 na absorpciu vodnej pary, kysel\u00edn a absorpciu niektor\u00fdch komponentov, ako s\u00fa CO2, NH3, H2S, SOx, HCl z plynov.","og_url":"https:\/\/www.3dsro.sk\/wp1\/obchod\/25-64-a-absorpcny-element\/","og_site_name":"3dsro","article_modified_time":"2025-03-24T17:28:51+00:00","og_image":[{"width":1000,"height":1000,"url":"https:\/\/www.3dsro.sk\/wp1\/wp-content\/uploads\/2021\/12\/002_Adsorption_Cartridges.jpg","type":"image\/jpeg"}],"twitter_card":"summary_large_image","twitter_misc":{"Availability":"On backorder"},"schema":{"@context":"https:\/\/schema.org","@graph":[{"@type":"Organization","@id":"https:\/\/www.3dsro.sk\/wp1\/#organization","name":"3D s.r.o.","url":"https:\/\/www.3dsro.sk\/wp1\/","sameAs":[],"logo":{"@type":"ImageObject","@id":"https:\/\/www.3dsro.sk\/wp1\/#logo","inLanguage":"sk-SK","url":"https:\/\/www.3dsro.sk\/wp1\/wp-content\/uploads\/2020\/04\/logo-png-transp_300.png","contentUrl":"https:\/\/www.3dsro.sk\/wp1\/wp-content\/uploads\/2020\/04\/logo-png-transp_300.png","width":300,"height":47,"caption":"3D s.r.o."},"image":{"@id":"https:\/\/www.3dsro.sk\/wp1\/#logo"}},{"@type":"WebSite","@id":"https:\/\/www.3dsro.sk\/wp1\/#website","url":"https:\/\/www.3dsro.sk\/wp1\/","name":"3dsro","description":"Process automation Robotics, Process Measurement, Control Systems","publisher":{"@id":"https:\/\/www.3dsro.sk\/wp1\/#organization"},"potentialAction":[{"@type":"SearchAction","target":{"@type":"EntryPoint","urlTemplate":"https:\/\/www.3dsro.sk\/wp1\/?s={search_term_string}"},"query-input":"required name=search_term_string"}],"inLanguage":"sk-SK"},{"@type":"ImageObject","@id":"https:\/\/www.3dsro.sk\/wp1\/obchod\/25-64-a-absorpcny-element\/#primaryimage","inLanguage":"sk-SK","url":"https:\/\/www.3dsro.sk\/wp1\/wp-content\/uploads\/2021\/12\/002_Adsorption_Cartridges.jpg","contentUrl":"https:\/\/www.3dsro.sk\/wp1\/wp-content\/uploads\/2021\/12\/002_Adsorption_Cartridges.jpg","width":1000,"height":1000,"caption":"absorpcne kazety elementy"},{"@type":"WebPage","@id":"https:\/\/www.3dsro.sk\/wp1\/obchod\/25-64-a-absorpcny-element\/#webpage","url":"https:\/\/www.3dsro.sk\/wp1\/obchod\/25-64-a-absorpcny-element\/","name":"25.64.A\u2022\u2022 Absorp\u010dn\u00fd element - 3dsro","isPartOf":{"@id":"https:\/\/www.3dsro.sk\/wp1\/#website"},"primaryImageOfPage":{"@id":"https:\/\/www.3dsro.sk\/wp1\/obchod\/25-64-a-absorpcny-element\/#primaryimage"},"datePublished":"2021-12-11T14:48:31+00:00","dateModified":"2025-03-24T17:28:51+00:00","description":"Filtra\u010dn\u00e9 elementy vhodn\u00e9 na absorpciu vodnej pary, kysel\u00edn a absorpciu niektor\u00fdch komponentov, ako s\u00fa CO2, NH3, H2S, SOx, HCl z plynov.","breadcrumb":{"@id":"https:\/\/www.3dsro.sk\/wp1\/obchod\/25-64-a-absorpcny-element\/#breadcrumb"},"inLanguage":"sk-SK","potentialAction":[{"@type":"ReadAction","target":["https:\/\/www.3dsro.sk\/wp1\/obchod\/25-64-a-absorpcny-element\/"]}]},{"@type":"BreadcrumbList","@id":"https:\/\/www.3dsro.sk\/wp1\/obchod\/25-64-a-absorpcny-element\/#breadcrumb","itemListElement":[{"@type":"ListItem","position":1,"name":"Home","item":"https:\/\/www.3dsro.sk\/wp1\/"},{"@type":"ListItem","position":2,"name":"Obchod","item":"https:\/\/www.3dsro.sk\/wp1\/obchod\/"},{"@type":"ListItem","position":3,"name":"25.64.A\u2022\u2022 Absorp\u010dn\u00fd element"}]}]},"og_availability":"backorder","product_availability":"available for order","product_retailer_item_id":"25.64.A\u2022\u2022","product_condition":"new"},"_links":{"self":[{"href":"https:\/\/www.3dsro.sk\/wp1\/wp-json\/wp\/v2\/product\/4081","targetHints":{"allow":["GET"]}}],"collection":[{"href":"https:\/\/www.3dsro.sk\/wp1\/wp-json\/wp\/v2\/product"}],"about":[{"href":"https:\/\/www.3dsro.sk\/wp1\/wp-json\/wp\/v2\/types\/product"}],"wp:featuredmedia":[{"embeddable":true,"href":"https:\/\/www.3dsro.sk\/wp1\/wp-json\/wp\/v2\/media\/4075"}],"wp:attachment":[{"href":"https:\/\/www.3dsro.sk\/wp1\/wp-json\/wp\/v2\/media?parent=4081"}],"wp:term":[{"taxonomy":"product_cat","embeddable":true,"href":"https:\/\/www.3dsro.sk\/wp1\/wp-json\/wp\/v2\/product_cat?post=4081"},{"taxonomy":"product_tag","embeddable":true,"href":"https:\/\/www.3dsro.sk\/wp1\/wp-json\/wp\/v2\/product_tag?post=4081"}],"curies":[{"name":"wp","href":"https:\/\/api.w.org\/{rel}","templated":true}]}}