{"id":4019,"date":"2021-12-11T12:36:24","date_gmt":"2021-12-11T11:36:24","guid":{"rendered":"https:\/\/www.3dsro.sk\/wp1\/?post_type=product&#038;p=4019"},"modified":"2025-03-24T18:29:34","modified_gmt":"2025-03-24T17:29:34","slug":"sm215-kombinovany-filter","status":"publish","type":"product","link":"https:\/\/www.3dsro.sk\/wp1\/obchod\/sm215-kombinovany-filter\/","title":{"rendered":"SM215.\u2022 Kombinovan\u00fd Filter"},"content":{"rendered":"<p style=\"margin: 0cm;\">S\u00e9ria: <strong>SM215 &#8211; Kombinovan\u00fd Filter nerezov\u00fd 316L<\/strong><\/p>\n<ul>\n<li>Filtre s\u00e9rie SM s\u00fa ur\u010den\u00e9 pre odstr\u00e1nenie kvapaliny z plynov<\/li>\n<li>Pripojenie v rozsahu 1\/16 a\u017e 1\/2&#8243; vn\u00fatorn\u00fd z\u00e1vit<\/li>\n<li>\u0160tandardne maj\u00fa filtre vn\u00fatorn\u00fd NPT z\u00e1vit a tesnenie z Vitonu.<\/li>\n<li>V ponuke aj \u010fal\u0161ie materi\u00e1lov\u00e9 prevedenia tesnen\u00ed<\/li>\n<li>Tel\u00e1 filtrov s\u00fa bez zvarov a zodpovedaj\u00fa NACE MR-01-75 a s\u00fa ozna\u010den\u00e9 CE v s\u00falade s PED 2014\/68\/E\u00da.<\/li>\n<li>Filtra\u010dn\u00fd element objedn\u00e1vac\u00ed k\u00f3d: 25.64.<strong><span style=\"color: #ff6600;\">\u25a1<\/span><\/strong><\/li>\n<li>\n<p style=\"margin: 0cm;\">Filtra\u010dn\u00fd element objedn\u00e1vac\u00ed k\u00f3d: MT.61.<strong><span style=\"color: #ff6600;\">\u25a1<\/span><\/strong><\/p>\n<\/li>\n<\/ul>\n<p style=\"margin: 0cm;\"><strong>Mo\u017enosti prisp\u00f4sobenia:<\/strong><\/p>\n<p style=\"margin: 0cm;\">Materi\u00e1l: Hastelloy, Monel, Titan a \u010fal\u0161ie.<\/p>\n<p style=\"margin: 0cm;\">Pripojovac\u00ed z\u00e1vit: BSPT a BSPP, alebo pod\u013ea po\u017eiadavky.<\/p>\n<div id=\"attachment_4023\" style=\"width: 1543px\" class=\"wp-caption alignnone\"><img decoding=\"async\" aria-describedby=\"caption-attachment-4023\" class=\"size-full wp-image-4023\" src=\"https:\/\/www.3dsro.sk\/wp1\/wp-content\/uploads\/2021\/12\/SM215_Series_specifikacia.png\" alt=\"SM215 classic filters specification\" width=\"1533\" height=\"772\" srcset=\"https:\/\/www.3dsro.sk\/wp1\/wp-content\/uploads\/2021\/12\/SM215_Series_specifikacia-200x101.png 200w, https:\/\/www.3dsro.sk\/wp1\/wp-content\/uploads\/2021\/12\/SM215_Series_specifikacia-300x151.png 300w, https:\/\/www.3dsro.sk\/wp1\/wp-content\/uploads\/2021\/12\/SM215_Series_specifikacia-400x201.png 400w, https:\/\/www.3dsro.sk\/wp1\/wp-content\/uploads\/2021\/12\/SM215_Series_specifikacia-500x252.png 500w, https:\/\/www.3dsro.sk\/wp1\/wp-content\/uploads\/2021\/12\/SM215_Series_specifikacia-540x272.png 540w, https:\/\/www.3dsro.sk\/wp1\/wp-content\/uploads\/2021\/12\/SM215_Series_specifikacia-600x302.png 600w, https:\/\/www.3dsro.sk\/wp1\/wp-content\/uploads\/2021\/12\/SM215_Series_specifikacia-700x353.png 700w, https:\/\/www.3dsro.sk\/wp1\/wp-content\/uploads\/2021\/12\/SM215_Series_specifikacia-768x387.png 768w, https:\/\/www.3dsro.sk\/wp1\/wp-content\/uploads\/2021\/12\/SM215_Series_specifikacia-800x403.png 800w, https:\/\/www.3dsro.sk\/wp1\/wp-content\/uploads\/2021\/12\/SM215_Series_specifikacia-1024x516.png 1024w, https:\/\/www.3dsro.sk\/wp1\/wp-content\/uploads\/2021\/12\/SM215_Series_specifikacia-1200x604.png 1200w, https:\/\/www.3dsro.sk\/wp1\/wp-content\/uploads\/2021\/12\/SM215_Series_specifikacia.png 1533w\" sizes=\"(max-width: 1533px) 100vw, 1533px\" \/><p id=\"caption-attachment-4023\" class=\"wp-caption-text\">SM215 classic filters specification<\/p><\/div>\n<p style=\"margin: 0cm;\">(1) Maxim\u00e1lna teplota 150 \u00b0C je stanoven\u00e1 pre PTFE materi\u00e1l membr\u00e1ny<\/p>\n<p style=\"margin: 0cm;\">(2) Skratky materi\u00e1lov, 316L SS = 316L nehrdzavej\u00faca oce\u013e<\/p>\n","protected":false},"excerpt":{"rendered":"<ul>\n<li>Kombinovan\u00fd membr\u00e1nov\u00fd filter<\/li>\n<li>Odstr\u00e1nenie kvapal\u00edn z plynov, vhodn\u00fd do r\u00fdchlej slu\u010dky<\/li>\n<li>Materi\u00e1l SS\u2022\u2022 316L nerez<\/li>\n<li>Max. tlak\u00a0 100 Bar<\/li>\n<li>Pripojenie 1\/4&#8243;, 1\/2&#8243;<\/li>\n<li>V\u00fdmena filtra\u010dn\u00e9ho elementu bez odpojenia odkalenia<\/li>\n<li>Materi\u00e1l tesnenia vyberte pod\u013ea po\u017eiadavky<\/li>\n<li>Filtra\u010dn\u00fd element objedn\u00e1vac\u00ed k\u00f3d: 25.64.<strong><span style=\"color: #ff6600;\">\u25a1<\/span><\/strong><\/li>\n<li>\n<p style=\"margin: 0cm;\">Filtra\u010dn\u00fd element objedn\u00e1vac\u00ed k\u00f3d: MT.61.<strong><span style=\"color: #ff6600;\">\u25a1<\/span><\/strong><\/p>\n<\/li>\n<\/ul>\n<p style=\"margin: 0cm;\">Produktov\u00fd list: <span style=\"color: #ff0000;\"><strong><a style=\"color: #ff0000;\" href=\"https:\/\/www.classicfilters.com\/pdf\/CF2.1\/165_SM215_Series.pdf\" target=\"_blank\" rel=\"noopener noreferrer\">SM215<\/a><\/strong><\/span><\/p>\n<p style=\"margin: 0cm;\">Z\u00e1kladn\u00e9 inform\u00e1cie a princ\u00edp: <span style=\"color: #ff0000;\"><strong><a style=\"color: #ff0000;\" href=\"https:\/\/www.classicfilters.com\/pdf\/CF2.1\/009_PTFE-Membrane_Housings.pdf\" target=\"_blank\" rel=\"noopener noreferrer\">Membr\u00e1nov\u00e9 filtre<\/a><\/strong><\/span><\/p>\n<p style=\"margin: 0cm;\">Opcie pre membr\u00e1nov\u00e9 filtre: <span style=\"color: #ff0000;\"><strong><a style=\"color: #ff0000;\" href=\"https:\/\/www.classicfilters.com\/pdf\/CF2.1\/010_PTFE-Membrane_Housing_Options.pdf\" target=\"_blank\" rel=\"noopener noreferrer\">Membr\u00e1nov\u00e9 filtre &#8211; opcie<\/a><\/strong><\/span><\/p>\n<p style=\"margin: 0cm;\">PTFE membr\u00e1ny, rozmery: <strong><a style=\"color: #ff0000;\" href=\"https:\/\/www.classicfilters.com\/pdf\/CF2.1\/040_PTFE_Membranes.pdf\" target=\"_blank\" rel=\"noopener noreferrer\">PTFE membr\u00e1ny, rozmery, stupne filtr\u00e1cie<\/a><\/strong><\/p>\n<p style=\"margin: 0cm;\">Dimenzovanie, tlakov\u00e1 strata a prietok: <strong><a style=\"color: #ff0000;\" href=\"https:\/\/www.classicfilters.com\/pdf\/CF2.1\/041_Flow_Rates_PTFE_Membranes.pdf\" target=\"_blank\" rel=\"noopener noreferrer\">Dimenzovanie PTFE membr\u00e1n<\/a><\/strong><\/p>\n<p style=\"margin: 0cm;\">\n","protected":false},"featured_media":4022,"template":"","meta":{"_monsterinsights_skip_tracking":false,"_monsterinsights_sitenote_active":false,"_monsterinsights_sitenote_note":"","_monsterinsights_sitenote_category":0,"spay_email":""},"product_cat":[53,229],"product_tag":[],"class_list":["post-4019","product","type-product","status-publish","has-post-thumbnail","hentry","product_cat-filters","product_cat-nerezove_filtre_sm","pa_material-ss-316l","pa_material-tesnenie-tesnenie-kalrez","pa_material-tesnenie-tesnenie-chemraz","pa_material-tesnenie-tesnenie-viton","pa_material-tesnenie-tesnenie-epdm","pa_material-tesnenie-tesnenie-silicone","pa_port-size-port-size-1-4","pa_port-size-port-size-1-2","pa_teplota-temp-150","pa_tlak-bar-100","pa_velkost-elementu-element-12-64","pa_velkost-elementu-element-mt-61"],"yoast_head":"<!-- This site is optimized with the Yoast SEO Premium plugin v18.1 (Yoast SEO v18.2) - https:\/\/yoast.com\/wordpress\/plugins\/seo\/ -->\n<title>SM215.\u2022 Kombinovan\u00fd Filter - 3dsro<\/title>\n<meta name=\"description\" content=\"Nerezov\u00e9 membr\u00e1nov\u00e9 filtre s\u00e9rie SM s\u00fa ur\u010den\u00e9 na odstr\u00e1nenie kvapaliny z plynov. Na PTFE membr\u00e1ne doch\u00e1dza ku vyzr\u00e1\u017eaniu vlhkosti.\" \/>\n<meta name=\"robots\" content=\"index, follow, max-snippet:-1, max-image-preview:large, max-video-preview:-1\" \/>\n<link rel=\"canonical\" href=\"https:\/\/www.3dsro.sk\/wp1\/obchod\/sm215-kombinovany-filter\/\" \/>\n<meta property=\"og:locale\" content=\"sk_SK\" \/>\n<meta property=\"og:type\" content=\"article\" \/>\n<meta property=\"og:title\" content=\"SM215.\u2022 Kombinovan\u00fd Filter\" \/>\n<meta property=\"og:description\" content=\"Nerezov\u00e9 membr\u00e1nov\u00e9 filtre s\u00e9rie SM s\u00fa ur\u010den\u00e9 na odstr\u00e1nenie kvapaliny z plynov. Na PTFE membr\u00e1ne doch\u00e1dza ku vyzr\u00e1\u017eaniu vlhkosti.\" \/>\n<meta property=\"og:url\" content=\"https:\/\/www.3dsro.sk\/wp1\/obchod\/sm215-kombinovany-filter\/\" \/>\n<meta property=\"og:site_name\" content=\"3dsro\" \/>\n<meta property=\"article:modified_time\" content=\"2025-03-24T17:29:34+00:00\" \/>\n<meta property=\"og:image\" content=\"https:\/\/www.3dsro.sk\/wp1\/wp-content\/uploads\/2021\/12\/002_SM215_Series.jpg\" \/>\n\t<meta property=\"og:image:width\" content=\"1000\" \/>\n\t<meta property=\"og:image:height\" content=\"1000\" \/>\n\t<meta property=\"og:image:type\" content=\"image\/jpeg\" \/>\n<meta name=\"twitter:card\" content=\"summary_large_image\" \/>\n<meta name=\"twitter:label1\" content=\"Availability\" \/>\n\t<meta name=\"twitter:data1\" content=\"On backorder\" \/>\n<script type=\"application\/ld+json\" class=\"yoast-schema-graph\">{\"@context\":\"https:\/\/schema.org\",\"@graph\":[{\"@type\":\"Organization\",\"@id\":\"https:\/\/www.3dsro.sk\/wp1\/#organization\",\"name\":\"3D s.r.o.\",\"url\":\"https:\/\/www.3dsro.sk\/wp1\/\",\"sameAs\":[],\"logo\":{\"@type\":\"ImageObject\",\"@id\":\"https:\/\/www.3dsro.sk\/wp1\/#logo\",\"inLanguage\":\"sk-SK\",\"url\":\"https:\/\/www.3dsro.sk\/wp1\/wp-content\/uploads\/2020\/04\/logo-png-transp_300.png\",\"contentUrl\":\"https:\/\/www.3dsro.sk\/wp1\/wp-content\/uploads\/2020\/04\/logo-png-transp_300.png\",\"width\":300,\"height\":47,\"caption\":\"3D s.r.o.\"},\"image\":{\"@id\":\"https:\/\/www.3dsro.sk\/wp1\/#logo\"}},{\"@type\":\"WebSite\",\"@id\":\"https:\/\/www.3dsro.sk\/wp1\/#website\",\"url\":\"https:\/\/www.3dsro.sk\/wp1\/\",\"name\":\"3dsro\",\"description\":\"Process automation Robotics, Process Measurement, Control Systems\",\"publisher\":{\"@id\":\"https:\/\/www.3dsro.sk\/wp1\/#organization\"},\"potentialAction\":[{\"@type\":\"SearchAction\",\"target\":{\"@type\":\"EntryPoint\",\"urlTemplate\":\"https:\/\/www.3dsro.sk\/wp1\/?s={search_term_string}\"},\"query-input\":\"required name=search_term_string\"}],\"inLanguage\":\"sk-SK\"},{\"@type\":\"ImageObject\",\"@id\":\"https:\/\/www.3dsro.sk\/wp1\/obchod\/sm215-kombinovany-filter\/#primaryimage\",\"inLanguage\":\"sk-SK\",\"url\":\"https:\/\/www.3dsro.sk\/wp1\/wp-content\/uploads\/2021\/12\/002_SM215_Series.jpg\",\"contentUrl\":\"https:\/\/www.3dsro.sk\/wp1\/wp-content\/uploads\/2021\/12\/002_SM215_Series.jpg\",\"width\":1000,\"height\":1000,\"caption\":\"SM215 classic filters\"},{\"@type\":\"WebPage\",\"@id\":\"https:\/\/www.3dsro.sk\/wp1\/obchod\/sm215-kombinovany-filter\/#webpage\",\"url\":\"https:\/\/www.3dsro.sk\/wp1\/obchod\/sm215-kombinovany-filter\/\",\"name\":\"SM215.\u2022 Kombinovan\u00fd Filter - 3dsro\",\"isPartOf\":{\"@id\":\"https:\/\/www.3dsro.sk\/wp1\/#website\"},\"primaryImageOfPage\":{\"@id\":\"https:\/\/www.3dsro.sk\/wp1\/obchod\/sm215-kombinovany-filter\/#primaryimage\"},\"datePublished\":\"2021-12-11T11:36:24+00:00\",\"dateModified\":\"2025-03-24T17:29:34+00:00\",\"description\":\"Nerezov\u00e9 membr\u00e1nov\u00e9 filtre s\u00e9rie SM s\u00fa ur\u010den\u00e9 na odstr\u00e1nenie kvapaliny z plynov. Na PTFE membr\u00e1ne doch\u00e1dza ku vyzr\u00e1\u017eaniu vlhkosti.\",\"breadcrumb\":{\"@id\":\"https:\/\/www.3dsro.sk\/wp1\/obchod\/sm215-kombinovany-filter\/#breadcrumb\"},\"inLanguage\":\"sk-SK\",\"potentialAction\":[{\"@type\":\"ReadAction\",\"target\":[\"https:\/\/www.3dsro.sk\/wp1\/obchod\/sm215-kombinovany-filter\/\"]}]},{\"@type\":\"BreadcrumbList\",\"@id\":\"https:\/\/www.3dsro.sk\/wp1\/obchod\/sm215-kombinovany-filter\/#breadcrumb\",\"itemListElement\":[{\"@type\":\"ListItem\",\"position\":1,\"name\":\"Home\",\"item\":\"https:\/\/www.3dsro.sk\/wp1\/\"},{\"@type\":\"ListItem\",\"position\":2,\"name\":\"Obchod\",\"item\":\"https:\/\/www.3dsro.sk\/wp1\/obchod\/\"},{\"@type\":\"ListItem\",\"position\":3,\"name\":\"SM215.\u2022 Kombinovan\u00fd Filter\"}]}]}<\/script>\n<meta property=\"og:availability\" content=\"backorder\" \/>\n<meta property=\"product:availability\" content=\"available for order\" \/>\n<meta property=\"product:retailer_item_id\" content=\"SM215.\u2022\" \/>\n<meta property=\"product:condition\" content=\"new\" \/>\n<!-- \/ Yoast SEO Premium plugin. -->","yoast_head_json":{"title":"SM215.\u2022 Kombinovan\u00fd Filter - 3dsro","description":"Nerezov\u00e9 membr\u00e1nov\u00e9 filtre s\u00e9rie SM s\u00fa ur\u010den\u00e9 na odstr\u00e1nenie kvapaliny z plynov. Na PTFE membr\u00e1ne doch\u00e1dza ku vyzr\u00e1\u017eaniu vlhkosti.","robots":{"index":"index","follow":"follow","max-snippet":"max-snippet:-1","max-image-preview":"max-image-preview:large","max-video-preview":"max-video-preview:-1"},"canonical":"https:\/\/www.3dsro.sk\/wp1\/obchod\/sm215-kombinovany-filter\/","og_locale":"sk_SK","og_type":"article","og_title":"SM215.\u2022 Kombinovan\u00fd Filter","og_description":"Nerezov\u00e9 membr\u00e1nov\u00e9 filtre s\u00e9rie SM s\u00fa ur\u010den\u00e9 na odstr\u00e1nenie kvapaliny z plynov. Na PTFE membr\u00e1ne doch\u00e1dza ku vyzr\u00e1\u017eaniu vlhkosti.","og_url":"https:\/\/www.3dsro.sk\/wp1\/obchod\/sm215-kombinovany-filter\/","og_site_name":"3dsro","article_modified_time":"2025-03-24T17:29:34+00:00","og_image":[{"width":1000,"height":1000,"url":"https:\/\/www.3dsro.sk\/wp1\/wp-content\/uploads\/2021\/12\/002_SM215_Series.jpg","type":"image\/jpeg"}],"twitter_card":"summary_large_image","twitter_misc":{"Availability":"On backorder"},"schema":{"@context":"https:\/\/schema.org","@graph":[{"@type":"Organization","@id":"https:\/\/www.3dsro.sk\/wp1\/#organization","name":"3D s.r.o.","url":"https:\/\/www.3dsro.sk\/wp1\/","sameAs":[],"logo":{"@type":"ImageObject","@id":"https:\/\/www.3dsro.sk\/wp1\/#logo","inLanguage":"sk-SK","url":"https:\/\/www.3dsro.sk\/wp1\/wp-content\/uploads\/2020\/04\/logo-png-transp_300.png","contentUrl":"https:\/\/www.3dsro.sk\/wp1\/wp-content\/uploads\/2020\/04\/logo-png-transp_300.png","width":300,"height":47,"caption":"3D s.r.o."},"image":{"@id":"https:\/\/www.3dsro.sk\/wp1\/#logo"}},{"@type":"WebSite","@id":"https:\/\/www.3dsro.sk\/wp1\/#website","url":"https:\/\/www.3dsro.sk\/wp1\/","name":"3dsro","description":"Process automation Robotics, Process Measurement, Control Systems","publisher":{"@id":"https:\/\/www.3dsro.sk\/wp1\/#organization"},"potentialAction":[{"@type":"SearchAction","target":{"@type":"EntryPoint","urlTemplate":"https:\/\/www.3dsro.sk\/wp1\/?s={search_term_string}"},"query-input":"required name=search_term_string"}],"inLanguage":"sk-SK"},{"@type":"ImageObject","@id":"https:\/\/www.3dsro.sk\/wp1\/obchod\/sm215-kombinovany-filter\/#primaryimage","inLanguage":"sk-SK","url":"https:\/\/www.3dsro.sk\/wp1\/wp-content\/uploads\/2021\/12\/002_SM215_Series.jpg","contentUrl":"https:\/\/www.3dsro.sk\/wp1\/wp-content\/uploads\/2021\/12\/002_SM215_Series.jpg","width":1000,"height":1000,"caption":"SM215 classic filters"},{"@type":"WebPage","@id":"https:\/\/www.3dsro.sk\/wp1\/obchod\/sm215-kombinovany-filter\/#webpage","url":"https:\/\/www.3dsro.sk\/wp1\/obchod\/sm215-kombinovany-filter\/","name":"SM215.\u2022 Kombinovan\u00fd Filter - 3dsro","isPartOf":{"@id":"https:\/\/www.3dsro.sk\/wp1\/#website"},"primaryImageOfPage":{"@id":"https:\/\/www.3dsro.sk\/wp1\/obchod\/sm215-kombinovany-filter\/#primaryimage"},"datePublished":"2021-12-11T11:36:24+00:00","dateModified":"2025-03-24T17:29:34+00:00","description":"Nerezov\u00e9 membr\u00e1nov\u00e9 filtre s\u00e9rie SM s\u00fa ur\u010den\u00e9 na odstr\u00e1nenie kvapaliny z plynov. Na PTFE membr\u00e1ne doch\u00e1dza ku vyzr\u00e1\u017eaniu vlhkosti.","breadcrumb":{"@id":"https:\/\/www.3dsro.sk\/wp1\/obchod\/sm215-kombinovany-filter\/#breadcrumb"},"inLanguage":"sk-SK","potentialAction":[{"@type":"ReadAction","target":["https:\/\/www.3dsro.sk\/wp1\/obchod\/sm215-kombinovany-filter\/"]}]},{"@type":"BreadcrumbList","@id":"https:\/\/www.3dsro.sk\/wp1\/obchod\/sm215-kombinovany-filter\/#breadcrumb","itemListElement":[{"@type":"ListItem","position":1,"name":"Home","item":"https:\/\/www.3dsro.sk\/wp1\/"},{"@type":"ListItem","position":2,"name":"Obchod","item":"https:\/\/www.3dsro.sk\/wp1\/obchod\/"},{"@type":"ListItem","position":3,"name":"SM215.\u2022 Kombinovan\u00fd Filter"}]}]},"og_availability":"backorder","product_availability":"available for order","product_retailer_item_id":"SM215.\u2022","product_condition":"new"},"_links":{"self":[{"href":"https:\/\/www.3dsro.sk\/wp1\/wp-json\/wp\/v2\/product\/4019","targetHints":{"allow":["GET"]}}],"collection":[{"href":"https:\/\/www.3dsro.sk\/wp1\/wp-json\/wp\/v2\/product"}],"about":[{"href":"https:\/\/www.3dsro.sk\/wp1\/wp-json\/wp\/v2\/types\/product"}],"wp:featuredmedia":[{"embeddable":true,"href":"https:\/\/www.3dsro.sk\/wp1\/wp-json\/wp\/v2\/media\/4022"}],"wp:attachment":[{"href":"https:\/\/www.3dsro.sk\/wp1\/wp-json\/wp\/v2\/media?parent=4019"}],"wp:term":[{"taxonomy":"product_cat","embeddable":true,"href":"https:\/\/www.3dsro.sk\/wp1\/wp-json\/wp\/v2\/product_cat?post=4019"},{"taxonomy":"product_tag","embeddable":true,"href":"https:\/\/www.3dsro.sk\/wp1\/wp-json\/wp\/v2\/product_tag?post=4019"}],"curies":[{"name":"wp","href":"https:\/\/api.w.org\/{rel}","templated":true}]}}