{"id":3596,"date":"2021-12-03T22:03:18","date_gmt":"2021-12-03T21:03:18","guid":{"rendered":"https:\/\/www.3dsro.sk\/wp1\/?post_type=product&#038;p=3596"},"modified":"2025-03-24T18:36:21","modified_gmt":"2025-03-24T17:36:21","slug":"ss326-teleso-filtra","status":"publish","type":"product","link":"https:\/\/www.3dsro.sk\/wp1\/obchod\/ss326-teleso-filtra\/","title":{"rendered":"SS326.\u2022 Teleso filtra"},"content":{"rendered":"<p style=\"margin: 0cm;\">S\u00e9ria: <strong>SS326 &#8211; nerezov\u00fd 316L<\/strong><\/p>\n<ul>\n<li>Filtre s\u00e9rie SS s\u00fa ur\u010den\u00e9 pre v\u0161eobecn\u00e9 aplik\u00e1cie s pripojen\u00edm vn\u00fatorn\u00e9ho z\u00e1vitu 3\/4\u201d, 1\u201d<\/li>\n<li>Teles\u00e1 filtrov s\u00fa vhodn\u00fd pre aplik\u00e1cie s po\u017eiadavkou na kr\u00e1tky \u010das odozvy.<\/li>\n<li>\u0160tandardne maj\u00fa filtre vn\u00fatorn\u00fd NPT z\u00e1vit a tesnenie z Vitonu.<\/li>\n<li>V ponuke aj \u010fal\u0161ie materi\u00e1lov\u00e9 prevedenia tesnen\u00ed<\/li>\n<li>Tel\u00e1 filtrov s\u00fa bez zvarov a zodpovedaj\u00fa NACE MR-01-75 a s\u00fa ozna\u010den\u00e9 CE v s\u00falade s PED 2014\/68\/E\u00da.<\/li>\n<li>\n<p style=\"margin: 0cm;\">Filtra\u010dn\u00fd element objedn\u00e1vac\u00ed k\u00f3d: 38.152..<strong><span style=\"color: #ff6600;\">\u25a1<\/span><\/strong><\/p>\n<\/li>\n<li>\n<p style=\"margin: 0cm;\">Absorp\u010dn\u00fd element objedn\u00e1vac\u00ed k\u00f3d: 38.152..AD<strong><span style=\"color: #ff6600;\">\u25a1<\/span><\/strong><\/p>\n<\/li>\n<li>Pre aplik\u00e1cie do 100 bar je dostupn\u00e1 alternat\u00edva napr. SS325, nad 200 bar SS328 a SS329<\/li>\n<\/ul>\n<p style=\"margin: 0cm;\"><strong>Mo\u017enosti prisp\u00f4sobenia:<\/strong><\/p>\n<p style=\"margin: 0cm;\">Materi\u00e1l: Hastelloy, Monel, Titan a \u010fal\u0161ie.<\/p>\n<p style=\"margin: 0cm;\">Pripojovac\u00ed z\u00e1vit: BSPT a BSPP, alebo pod\u013ea po\u017eiadavky<\/p>\n<p><img decoding=\"async\" class=\"size-full wp-image-3604\" src=\"https:\/\/www.3dsro.sk\/wp1\/wp-content\/uploads\/2021\/12\/SS326_Series_specification.png\" alt=\"SS326 filter classic filters specifikacia\" width=\"1543\" height=\"812\" srcset=\"https:\/\/www.3dsro.sk\/wp1\/wp-content\/uploads\/2021\/12\/SS326_Series_specification-200x105.png 200w, https:\/\/www.3dsro.sk\/wp1\/wp-content\/uploads\/2021\/12\/SS326_Series_specification-300x158.png 300w, https:\/\/www.3dsro.sk\/wp1\/wp-content\/uploads\/2021\/12\/SS326_Series_specification-400x210.png 400w, https:\/\/www.3dsro.sk\/wp1\/wp-content\/uploads\/2021\/12\/SS326_Series_specification-500x263.png 500w, https:\/\/www.3dsro.sk\/wp1\/wp-content\/uploads\/2021\/12\/SS326_Series_specification-600x316.png 600w, https:\/\/www.3dsro.sk\/wp1\/wp-content\/uploads\/2021\/12\/SS326_Series_specification-700x368.png 700w, https:\/\/www.3dsro.sk\/wp1\/wp-content\/uploads\/2021\/12\/SS326_Series_specification-768x404.png 768w, https:\/\/www.3dsro.sk\/wp1\/wp-content\/uploads\/2021\/12\/SS326_Series_specification-800x421.png 800w, https:\/\/www.3dsro.sk\/wp1\/wp-content\/uploads\/2021\/12\/SS326_Series_specification-1024x539.png 1024w, https:\/\/www.3dsro.sk\/wp1\/wp-content\/uploads\/2021\/12\/SS326_Series_specification-1200x631.png 1200w, https:\/\/www.3dsro.sk\/wp1\/wp-content\/uploads\/2021\/12\/SS326_Series_specification-1536x808.png 1536w, https:\/\/www.3dsro.sk\/wp1\/wp-content\/uploads\/2021\/12\/SS326_Series_specification.png 1543w\" sizes=\"(max-width: 1543px) 100vw, 1543px\" \/><\/p>\n<p style=\"margin: 0cm;\">(1) Nad 200 \u00b0C je menovit\u00fd tlak zn\u00ed\u017een\u00fd, presn\u00e9 hodnotenie pri akejko\u013evek konkr\u00e9tnej teplote si vy\u017eiadajte od n\u00e1s<\/p>\n<p style=\"margin: 0cm;\">(2) Maxim\u00e1lna teplota 200\u00b0C pri pou\u017eit\u00ed \u0161tandardn\u00e9ho tesnenia. Pre teploty do 324\u00b0C pou\u017eite tesnenie Chemraz<\/p>\n<p style=\"margin: 0cm;\">(3) Skratky materi\u00e1lov, 316L SS = 316L nehrdzavej\u00faca oce\u013e<\/p>\n","protected":false},"excerpt":{"rendered":"<ul>\n<li>Materi\u00e1l SS\u2022\u2022 316L nerez<\/li>\n<li>Max. tlak 200 Bar<\/li>\n<li>Pripojenie 3\/4&#8243;, 1&#8243;<\/li>\n<li>Materi\u00e1l tesnenia vyberte pod\u013ea po\u017eiadavky<\/li>\n<li>Filtra\u010dn\u00fd element rozmer 38.152.\u2022\u2022<\/li>\n<\/ul>\n<p style=\"margin: 0cm;\">Produktov\u00fd list: <span style=\"color: #ff0000;\"><strong><a style=\"color: #ff0000;\" href=\"https:\/\/www.classicfilters.com\/pdf\/CF2.1\/090_SS326_Series.pdf\" target=\"_blank\" rel=\"noopener noreferrer\">SS326<\/a><\/strong><\/span><\/p>\n<p style=\"margin: 0cm;\">Postup, ako vybra\u0165 vhodn\u00e9 telo filtra: <span style=\"color: #ff0000;\"><strong><a style=\"color: #ff0000;\" href=\"https:\/\/www.classicfilters.com\/pdf\/CF2.1\/020_Selecting_Filter_Housings.pdf\" target=\"_blank\" rel=\"noopener noreferrer\">Ako vybra\u0165 vhodn\u00e9 telo filtra<\/a><\/strong><\/span><\/p>\n<p style=\"margin: 0cm;\">Vysok\u00e1 kvalita filtrov: <strong><a style=\"color: #ff0000;\" href=\"https:\/\/www.classicfilters.com\/pdf\/CF2.1\/006_Housing_Advantages.pdf\" target=\"_blank\" rel=\"noopener noreferrer\">V\u00fdhody rie\u0161enia Classic filters<\/a><\/strong><\/p>\n<p style=\"margin: 0cm;\">V\u0161eobecn\u00e9 inform\u00e1cie: <strong><a style=\"color: #ff0000;\" href=\"https:\/\/www.classicfilters.com\/pdf\/CF2.1\/007a_Stainless_Steel_Filter_Housings.pdf\" target=\"_blank\" rel=\"noopener noreferrer\">V\u0161eobecn\u00e9 inform\u00e1cie nerezov\u00e9 filtre<\/a><\/strong><\/p>\n<p style=\"margin: 0cm;\"><strong>Odpor\u00fa\u010dan\u00e9 pr\u00edslu\u0161enstvo:<\/strong><\/p>\n<p style=\"margin: 0cm;\">Katal\u00f3gov\u00fd list filtra\u010dn\u00e9 elementy nerezov\u00e9: <strong><a style=\"color: #ff0000;\" href=\"https:\/\/www.classicfilters.com\/pdf\/CF2.1\/023_Stainless_Steel_Filter_Elements.pdf\" target=\"_blank\" rel=\"noopener noreferrer\">Nerez 5 vrstiev<\/a><\/strong><\/p>\n<p style=\"margin: 0cm;\">Katal\u00f3gov\u00fd list filtra\u010dn\u00e9 elementy jednorazov\u00e9: <strong><a style=\"color: #ff0000;\" href=\"https:\/\/www.classicfilters.com\/pdf\/CF2.1\/021_Disposable_Element_Binders.pdf\" target=\"_blank\" rel=\"noopener noreferrer\">pevn\u00e9 \u010dastice \/ koalescen\u010dn\u00e9<\/a><\/strong><\/p>\n<p style=\"margin: 0cm;\">Katal\u00f3gov\u00fd list filtra\u010dn\u00e9 elementy PTFE a PE: <strong><a style=\"color: #ff0000;\" href=\"https:\/\/www.classicfilters.com\/pdf\/CF2.1\/024_PTFE_and_PE_Filter_Elements.pdf\" target=\"_blank\" rel=\"noopener noreferrer\">PTFE, PE<\/a><\/strong><\/p>\n<p style=\"margin: 0cm;\">Katal\u00f3gov\u00fd list absorp\u010dn\u00e9 kazety: <strong><a style=\"color: #ff0000;\" href=\"https:\/\/www.classicfilters.com\/pdf\/CF2.1\/052_Adsorption_Cartridges.pdf\" target=\"_blank\" rel=\"noopener noreferrer\">absorp\u010dn\u00e9 kazety<\/a><\/strong><\/p>\n<p style=\"margin: 0cm;\">Katal\u00f3gov\u00fd list mont\u00e1\u017ena konzola, v\u00fdstuha jadra, O kr\u00fa\u017eky: <strong><a style=\"color: #ff0000;\" href=\"https:\/\/www.classicfilters.com\/pdf\/CF2.0\/019_Sealing_Options_and_Accessories.pdf\" target=\"_blank\" rel=\"noopener noreferrer\">Pr\u00edslu\u0161enstvo<\/a><\/strong><\/p>\n","protected":false},"featured_media":3600,"template":"","meta":{"_monsterinsights_skip_tracking":false,"_monsterinsights_sitenote_active":false,"_monsterinsights_sitenote_note":"","_monsterinsights_sitenote_category":0,"spay_email":""},"product_cat":[53,57],"product_tag":[],"class_list":["post-3596","product","type-product","status-publish","has-post-thumbnail","hentry","product_cat-filters","product_cat-nerezove_filtre","pa_material-ss-316l","pa_material-tesnenie-tesnenie-kalrez","pa_material-tesnenie-tesnenie-chemraz","pa_material-tesnenie-tesnenie-viton","pa_material-tesnenie-tesnenie-epdm","pa_material-tesnenie-tesnenie-silicone","pa_port-size-port-size-3-4","pa_port-size-port-size-1","pa_teplota-temp-200","pa_tlak-bar-200","pa_velkost-elementu-element-38-152"],"yoast_head":"<!-- This site is optimized with the Yoast SEO Premium plugin v18.1 (Yoast SEO v18.2) - https:\/\/yoast.com\/wordpress\/plugins\/seo\/ -->\n<title>SS326.\u2022 Teleso filtra - 3dsro<\/title>\n<meta name=\"description\" content=\"Filtre s\u00e9rie SS s\u00fa ur\u010den\u00e9 pre v\u0161eobecn\u00e9 aplik\u00e1cie. V ponuke je ve\u013ek\u00e9 mno\u017estvo filtra\u010dn\u00fdch a absorp\u010dn\u00fdch elementov vhodn\u00fdch pre ka\u017ed\u00fa aplik\u00e1ciu.\" \/>\n<meta name=\"robots\" content=\"index, follow, max-snippet:-1, max-image-preview:large, max-video-preview:-1\" \/>\n<link rel=\"canonical\" href=\"https:\/\/www.3dsro.sk\/wp1\/obchod\/ss326-teleso-filtra\/\" \/>\n<meta property=\"og:locale\" content=\"sk_SK\" \/>\n<meta property=\"og:type\" content=\"article\" \/>\n<meta property=\"og:title\" content=\"SS326.\u2022 Teleso filtra\" \/>\n<meta property=\"og:description\" content=\"Filtre s\u00e9rie SS s\u00fa ur\u010den\u00e9 pre v\u0161eobecn\u00e9 aplik\u00e1cie. V ponuke je ve\u013ek\u00e9 mno\u017estvo filtra\u010dn\u00fdch a absorp\u010dn\u00fdch elementov vhodn\u00fdch pre ka\u017ed\u00fa aplik\u00e1ciu.\" \/>\n<meta property=\"og:url\" content=\"https:\/\/www.3dsro.sk\/wp1\/obchod\/ss326-teleso-filtra\/\" \/>\n<meta property=\"og:site_name\" content=\"3dsro\" \/>\n<meta property=\"article:modified_time\" content=\"2025-03-24T17:36:21+00:00\" \/>\n<meta property=\"og:image\" content=\"https:\/\/www.3dsro.sk\/wp1\/wp-content\/uploads\/2021\/12\/001_SS326_Series.jpg\" \/>\n\t<meta property=\"og:image:width\" content=\"1000\" \/>\n\t<meta property=\"og:image:height\" content=\"1000\" \/>\n\t<meta property=\"og:image:type\" content=\"image\/jpeg\" \/>\n<meta name=\"twitter:card\" content=\"summary_large_image\" \/>\n<meta name=\"twitter:label1\" content=\"Availability\" \/>\n\t<meta name=\"twitter:data1\" content=\"On backorder\" \/>\n<script type=\"application\/ld+json\" class=\"yoast-schema-graph\">{\"@context\":\"https:\/\/schema.org\",\"@graph\":[{\"@type\":\"Organization\",\"@id\":\"https:\/\/www.3dsro.sk\/wp1\/#organization\",\"name\":\"3D s.r.o.\",\"url\":\"https:\/\/www.3dsro.sk\/wp1\/\",\"sameAs\":[],\"logo\":{\"@type\":\"ImageObject\",\"@id\":\"https:\/\/www.3dsro.sk\/wp1\/#logo\",\"inLanguage\":\"sk-SK\",\"url\":\"https:\/\/www.3dsro.sk\/wp1\/wp-content\/uploads\/2020\/04\/logo-png-transp_300.png\",\"contentUrl\":\"https:\/\/www.3dsro.sk\/wp1\/wp-content\/uploads\/2020\/04\/logo-png-transp_300.png\",\"width\":300,\"height\":47,\"caption\":\"3D s.r.o.\"},\"image\":{\"@id\":\"https:\/\/www.3dsro.sk\/wp1\/#logo\"}},{\"@type\":\"WebSite\",\"@id\":\"https:\/\/www.3dsro.sk\/wp1\/#website\",\"url\":\"https:\/\/www.3dsro.sk\/wp1\/\",\"name\":\"3dsro\",\"description\":\"Process automation Robotics, Process Measurement, Control Systems\",\"publisher\":{\"@id\":\"https:\/\/www.3dsro.sk\/wp1\/#organization\"},\"potentialAction\":[{\"@type\":\"SearchAction\",\"target\":{\"@type\":\"EntryPoint\",\"urlTemplate\":\"https:\/\/www.3dsro.sk\/wp1\/?s={search_term_string}\"},\"query-input\":\"required name=search_term_string\"}],\"inLanguage\":\"sk-SK\"},{\"@type\":\"ImageObject\",\"@id\":\"https:\/\/www.3dsro.sk\/wp1\/obchod\/ss326-teleso-filtra\/#primaryimage\",\"inLanguage\":\"sk-SK\",\"url\":\"https:\/\/www.3dsro.sk\/wp1\/wp-content\/uploads\/2021\/12\/001_SS326_Series.jpg\",\"contentUrl\":\"https:\/\/www.3dsro.sk\/wp1\/wp-content\/uploads\/2021\/12\/001_SS326_Series.jpg\",\"width\":1000,\"height\":1000,\"caption\":\"SS326 filter classic filters\"},{\"@type\":\"WebPage\",\"@id\":\"https:\/\/www.3dsro.sk\/wp1\/obchod\/ss326-teleso-filtra\/#webpage\",\"url\":\"https:\/\/www.3dsro.sk\/wp1\/obchod\/ss326-teleso-filtra\/\",\"name\":\"SS326.\u2022 Teleso filtra - 3dsro\",\"isPartOf\":{\"@id\":\"https:\/\/www.3dsro.sk\/wp1\/#website\"},\"primaryImageOfPage\":{\"@id\":\"https:\/\/www.3dsro.sk\/wp1\/obchod\/ss326-teleso-filtra\/#primaryimage\"},\"datePublished\":\"2021-12-03T21:03:18+00:00\",\"dateModified\":\"2025-03-24T17:36:21+00:00\",\"description\":\"Filtre s\u00e9rie SS s\u00fa ur\u010den\u00e9 pre v\u0161eobecn\u00e9 aplik\u00e1cie. V ponuke je ve\u013ek\u00e9 mno\u017estvo filtra\u010dn\u00fdch a absorp\u010dn\u00fdch elementov vhodn\u00fdch pre ka\u017ed\u00fa aplik\u00e1ciu.\",\"breadcrumb\":{\"@id\":\"https:\/\/www.3dsro.sk\/wp1\/obchod\/ss326-teleso-filtra\/#breadcrumb\"},\"inLanguage\":\"sk-SK\",\"potentialAction\":[{\"@type\":\"ReadAction\",\"target\":[\"https:\/\/www.3dsro.sk\/wp1\/obchod\/ss326-teleso-filtra\/\"]}]},{\"@type\":\"BreadcrumbList\",\"@id\":\"https:\/\/www.3dsro.sk\/wp1\/obchod\/ss326-teleso-filtra\/#breadcrumb\",\"itemListElement\":[{\"@type\":\"ListItem\",\"position\":1,\"name\":\"Home\",\"item\":\"https:\/\/www.3dsro.sk\/wp1\/\"},{\"@type\":\"ListItem\",\"position\":2,\"name\":\"Obchod\",\"item\":\"https:\/\/www.3dsro.sk\/wp1\/obchod\/\"},{\"@type\":\"ListItem\",\"position\":3,\"name\":\"SS326.\u2022 Teleso filtra\"}]}]}<\/script>\n<meta property=\"og:availability\" content=\"backorder\" \/>\n<meta property=\"product:availability\" content=\"available for order\" \/>\n<meta property=\"product:retailer_item_id\" content=\"SS326.\u2022\" \/>\n<meta property=\"product:condition\" content=\"new\" \/>\n<!-- \/ Yoast SEO Premium plugin. -->","yoast_head_json":{"title":"SS326.\u2022 Teleso filtra - 3dsro","description":"Filtre s\u00e9rie SS s\u00fa ur\u010den\u00e9 pre v\u0161eobecn\u00e9 aplik\u00e1cie. V ponuke je ve\u013ek\u00e9 mno\u017estvo filtra\u010dn\u00fdch a absorp\u010dn\u00fdch elementov vhodn\u00fdch pre ka\u017ed\u00fa aplik\u00e1ciu.","robots":{"index":"index","follow":"follow","max-snippet":"max-snippet:-1","max-image-preview":"max-image-preview:large","max-video-preview":"max-video-preview:-1"},"canonical":"https:\/\/www.3dsro.sk\/wp1\/obchod\/ss326-teleso-filtra\/","og_locale":"sk_SK","og_type":"article","og_title":"SS326.\u2022 Teleso filtra","og_description":"Filtre s\u00e9rie SS s\u00fa ur\u010den\u00e9 pre v\u0161eobecn\u00e9 aplik\u00e1cie. V ponuke je ve\u013ek\u00e9 mno\u017estvo filtra\u010dn\u00fdch a absorp\u010dn\u00fdch elementov vhodn\u00fdch pre ka\u017ed\u00fa aplik\u00e1ciu.","og_url":"https:\/\/www.3dsro.sk\/wp1\/obchod\/ss326-teleso-filtra\/","og_site_name":"3dsro","article_modified_time":"2025-03-24T17:36:21+00:00","og_image":[{"width":1000,"height":1000,"url":"https:\/\/www.3dsro.sk\/wp1\/wp-content\/uploads\/2021\/12\/001_SS326_Series.jpg","type":"image\/jpeg"}],"twitter_card":"summary_large_image","twitter_misc":{"Availability":"On backorder"},"schema":{"@context":"https:\/\/schema.org","@graph":[{"@type":"Organization","@id":"https:\/\/www.3dsro.sk\/wp1\/#organization","name":"3D s.r.o.","url":"https:\/\/www.3dsro.sk\/wp1\/","sameAs":[],"logo":{"@type":"ImageObject","@id":"https:\/\/www.3dsro.sk\/wp1\/#logo","inLanguage":"sk-SK","url":"https:\/\/www.3dsro.sk\/wp1\/wp-content\/uploads\/2020\/04\/logo-png-transp_300.png","contentUrl":"https:\/\/www.3dsro.sk\/wp1\/wp-content\/uploads\/2020\/04\/logo-png-transp_300.png","width":300,"height":47,"caption":"3D s.r.o."},"image":{"@id":"https:\/\/www.3dsro.sk\/wp1\/#logo"}},{"@type":"WebSite","@id":"https:\/\/www.3dsro.sk\/wp1\/#website","url":"https:\/\/www.3dsro.sk\/wp1\/","name":"3dsro","description":"Process automation Robotics, Process Measurement, Control Systems","publisher":{"@id":"https:\/\/www.3dsro.sk\/wp1\/#organization"},"potentialAction":[{"@type":"SearchAction","target":{"@type":"EntryPoint","urlTemplate":"https:\/\/www.3dsro.sk\/wp1\/?s={search_term_string}"},"query-input":"required name=search_term_string"}],"inLanguage":"sk-SK"},{"@type":"ImageObject","@id":"https:\/\/www.3dsro.sk\/wp1\/obchod\/ss326-teleso-filtra\/#primaryimage","inLanguage":"sk-SK","url":"https:\/\/www.3dsro.sk\/wp1\/wp-content\/uploads\/2021\/12\/001_SS326_Series.jpg","contentUrl":"https:\/\/www.3dsro.sk\/wp1\/wp-content\/uploads\/2021\/12\/001_SS326_Series.jpg","width":1000,"height":1000,"caption":"SS326 filter classic filters"},{"@type":"WebPage","@id":"https:\/\/www.3dsro.sk\/wp1\/obchod\/ss326-teleso-filtra\/#webpage","url":"https:\/\/www.3dsro.sk\/wp1\/obchod\/ss326-teleso-filtra\/","name":"SS326.\u2022 Teleso filtra - 3dsro","isPartOf":{"@id":"https:\/\/www.3dsro.sk\/wp1\/#website"},"primaryImageOfPage":{"@id":"https:\/\/www.3dsro.sk\/wp1\/obchod\/ss326-teleso-filtra\/#primaryimage"},"datePublished":"2021-12-03T21:03:18+00:00","dateModified":"2025-03-24T17:36:21+00:00","description":"Filtre s\u00e9rie SS s\u00fa ur\u010den\u00e9 pre v\u0161eobecn\u00e9 aplik\u00e1cie. V ponuke je ve\u013ek\u00e9 mno\u017estvo filtra\u010dn\u00fdch a absorp\u010dn\u00fdch elementov vhodn\u00fdch pre ka\u017ed\u00fa aplik\u00e1ciu.","breadcrumb":{"@id":"https:\/\/www.3dsro.sk\/wp1\/obchod\/ss326-teleso-filtra\/#breadcrumb"},"inLanguage":"sk-SK","potentialAction":[{"@type":"ReadAction","target":["https:\/\/www.3dsro.sk\/wp1\/obchod\/ss326-teleso-filtra\/"]}]},{"@type":"BreadcrumbList","@id":"https:\/\/www.3dsro.sk\/wp1\/obchod\/ss326-teleso-filtra\/#breadcrumb","itemListElement":[{"@type":"ListItem","position":1,"name":"Home","item":"https:\/\/www.3dsro.sk\/wp1\/"},{"@type":"ListItem","position":2,"name":"Obchod","item":"https:\/\/www.3dsro.sk\/wp1\/obchod\/"},{"@type":"ListItem","position":3,"name":"SS326.\u2022 Teleso filtra"}]}]},"og_availability":"backorder","product_availability":"available for order","product_retailer_item_id":"SS326.\u2022","product_condition":"new"},"_links":{"self":[{"href":"https:\/\/www.3dsro.sk\/wp1\/wp-json\/wp\/v2\/product\/3596","targetHints":{"allow":["GET"]}}],"collection":[{"href":"https:\/\/www.3dsro.sk\/wp1\/wp-json\/wp\/v2\/product"}],"about":[{"href":"https:\/\/www.3dsro.sk\/wp1\/wp-json\/wp\/v2\/types\/product"}],"wp:featuredmedia":[{"embeddable":true,"href":"https:\/\/www.3dsro.sk\/wp1\/wp-json\/wp\/v2\/media\/3600"}],"wp:attachment":[{"href":"https:\/\/www.3dsro.sk\/wp1\/wp-json\/wp\/v2\/media?parent=3596"}],"wp:term":[{"taxonomy":"product_cat","embeddable":true,"href":"https:\/\/www.3dsro.sk\/wp1\/wp-json\/wp\/v2\/product_cat?post=3596"},{"taxonomy":"product_tag","embeddable":true,"href":"https:\/\/www.3dsro.sk\/wp1\/wp-json\/wp\/v2\/product_tag?post=3596"}],"curies":[{"name":"wp","href":"https:\/\/api.w.org\/{rel}","templated":true}]}}