{"id":3212,"date":"2021-11-28T18:26:32","date_gmt":"2021-11-28T17:26:32","guid":{"rendered":"https:\/\/www.3dsro.sk\/wp1\/?post_type=product&#038;p=3212"},"modified":"2025-03-24T18:41:03","modified_gmt":"2025-03-24T17:41:03","slug":"mt-89-membranovy-filter","status":"publish","type":"product","link":"https:\/\/www.3dsro.sk\/wp1\/obchod\/mt-89-membranovy-filter\/","title":{"rendered":"MT.89.\u2022\u2022 Membr\u00e1nov\u00fd filter"},"content":{"rendered":"<p>PTFE membr\u00e1ny s\u00fa vyroben\u00e9 z \u010dist\u00e9ho tefl\u00f3nu. Maj\u00fa a dobr\u00fa pevnos\u0165 a z\u00e1rove\u0148 zost\u00e1vaj\u00fa flexibiln\u00e9 pre jednoduch\u00fa in\u0161tal\u00e1ciu. PTFE membr\u00e1ny s\u00fa extr\u00e9mne inertn\u00e9 s ve\u013emi n\u00edzku \u00farov\u0148ou absorpcie.<\/p>\n<p>Zabra\u0148uj\u00fa prechodu a\u017e 100% tekut\u00fdch molek\u00fal cez membr\u00e1nu. Odstr\u00e1nen\u00e1 kvapalina stek\u00e1 do odkalovacieho v\u00fdvodu. Tento port je mo\u017en\u00e9 pou\u017ei\u0165 aj ako bypass pre hlavn\u00fd pr\u00fad.<\/p>\n<p>PTFE membr\u00e1ny s\u00fa dostupn\u00e9 vo viacer\u00fdch \u0161tandardn\u00fdch priemeroch odvoden\u00fdch od tradi\u010dn\u00fdch priemyseln\u00fdch ve\u013ekostiach a umo\u017e\u0148uj\u00fa in\u0161tal\u00e1ciu od filtrov in\u00fdch v\u00fdrobcov.<\/p>\n<p><strong>Pre filtrovanie plynov<\/strong><\/p>\n<p>Mikroskopick\u00e9 p\u00f3ry v membr\u00e1ne umo\u017e\u0148uj\u00fa \u013eahk\u00e9 pr\u00fadenie plynu, ale zabra\u0148uj\u00fa prestup aj t\u00fdm najmen\u0161\u00edm kvapaln\u00fdm aeros\u00f3lom. Vysok\u00e9 povrchov\u00e9 nap\u00e4tie molek\u00fal kvapal\u00edn sp\u00f4sobuje, \u017ee sa zlievaj\u00fa k sebe, \u010d\u00edm s\u00fa pr\u00edli\u0161 ve\u013ek\u00e9 na to, aby sa zmestili cez p\u00f3ry membr\u00e1ny.<\/p>\n<p><img decoding=\"async\" class=\"size-full wp-image-3178\" src=\"https:\/\/www.3dsro.sk\/wp1\/wp-content\/uploads\/2021\/11\/membrane-grade-gas.jpg\" alt=\"membranovy filter\" width=\"1358\" height=\"459\" srcset=\"https:\/\/www.3dsro.sk\/wp1\/wp-content\/uploads\/2021\/11\/membrane-grade-gas-200x68.jpg 200w, https:\/\/www.3dsro.sk\/wp1\/wp-content\/uploads\/2021\/11\/membrane-grade-gas-300x101.jpg 300w, https:\/\/www.3dsro.sk\/wp1\/wp-content\/uploads\/2021\/11\/membrane-grade-gas-400x135.jpg 400w, https:\/\/www.3dsro.sk\/wp1\/wp-content\/uploads\/2021\/11\/membrane-grade-gas-500x169.jpg 500w, https:\/\/www.3dsro.sk\/wp1\/wp-content\/uploads\/2021\/11\/membrane-grade-gas-600x203.jpg 600w, https:\/\/www.3dsro.sk\/wp1\/wp-content\/uploads\/2021\/11\/membrane-grade-gas-700x237.jpg 700w, https:\/\/www.3dsro.sk\/wp1\/wp-content\/uploads\/2021\/11\/membrane-grade-gas-768x260.jpg 768w, https:\/\/www.3dsro.sk\/wp1\/wp-content\/uploads\/2021\/11\/membrane-grade-gas-800x270.jpg 800w, https:\/\/www.3dsro.sk\/wp1\/wp-content\/uploads\/2021\/11\/membrane-grade-gas-1024x346.jpg 1024w, https:\/\/www.3dsro.sk\/wp1\/wp-content\/uploads\/2021\/11\/membrane-grade-gas-1200x406.jpg 1200w, https:\/\/www.3dsro.sk\/wp1\/wp-content\/uploads\/2021\/11\/membrane-grade-gas.jpg 1358w\" sizes=\"(max-width: 1358px) 100vw, 1358px\" \/><\/p>\n<p><strong>Pre filtrovanie kvapal\u00edn<\/strong><\/p>\n<p>Princ\u00edp je podobn\u00fd ako pri plynov\u00fdch aplik\u00e1ci\u00e1ch \u2013 vy\u0161\u0161ie povrchov\u00e9 nap\u00e4tie molek\u00fal vody sp\u00f4sobuje ich zhlukovanie \u010d\u00edm s\u00fa pr\u00edli\u0161 ve\u013ek\u00e9, aby sa zmestili cez p\u00f3ry membr\u00e1ny. Typ M8 ma \u0161peci\u00e1lnu nosn\u00fa vrstvu na zadnej strane membr\u00e1ny na zv\u00fd\u0161enie maxim\u00e1lneho poklesu tlaku. Na zv\u00fd\u0161enie \u00fa\u010dinnosti je potrebn\u00e9 pred\u013a\u017ei\u0165 \u010das kontaktu s membr\u00e1nou \u0161pir\u00e1lov\u00fdm pr\u00faden\u00edm v tele filtra SML .<\/p>\n<p><img decoding=\"async\" class=\"size-full wp-image-3180\" src=\"https:\/\/www.3dsro.sk\/wp1\/wp-content\/uploads\/2021\/11\/membrane-grade-liquid.jpg\" alt=\"membranovy filter kvapalina\" width=\"1360\" height=\"221\" srcset=\"https:\/\/www.3dsro.sk\/wp1\/wp-content\/uploads\/2021\/11\/membrane-grade-liquid-200x33.jpg 200w, https:\/\/www.3dsro.sk\/wp1\/wp-content\/uploads\/2021\/11\/membrane-grade-liquid-300x49.jpg 300w, https:\/\/www.3dsro.sk\/wp1\/wp-content\/uploads\/2021\/11\/membrane-grade-liquid-400x65.jpg 400w, https:\/\/www.3dsro.sk\/wp1\/wp-content\/uploads\/2021\/11\/membrane-grade-liquid-500x81.jpg 500w, https:\/\/www.3dsro.sk\/wp1\/wp-content\/uploads\/2021\/11\/membrane-grade-liquid-600x98.jpg 600w, https:\/\/www.3dsro.sk\/wp1\/wp-content\/uploads\/2021\/11\/membrane-grade-liquid-700x114.jpg 700w, https:\/\/www.3dsro.sk\/wp1\/wp-content\/uploads\/2021\/11\/membrane-grade-liquid-768x125.jpg 768w, https:\/\/www.3dsro.sk\/wp1\/wp-content\/uploads\/2021\/11\/membrane-grade-liquid-800x130.jpg 800w, https:\/\/www.3dsro.sk\/wp1\/wp-content\/uploads\/2021\/11\/membrane-grade-liquid-1024x166.jpg 1024w, https:\/\/www.3dsro.sk\/wp1\/wp-content\/uploads\/2021\/11\/membrane-grade-liquid-1200x195.jpg 1200w, https:\/\/www.3dsro.sk\/wp1\/wp-content\/uploads\/2021\/11\/membrane-grade-liquid.jpg 1360w\" sizes=\"(max-width: 1360px) 100vw, 1360px\" \/><\/p>\n","protected":false},"excerpt":{"rendered":"<ul>\n<li>Odl\u00fa\u010denie kvapaliny z plynov<\/li>\n<li>Odl\u00fa\u010denie vody z kvapaln\u00fdch uh\u013eovod\u00edkov<\/li>\n<\/ul>\n<p style=\"margin: 0cm;\">Materi\u00e1l filtra\u010dn\u00e9ho elementu<\/p>\n<ul style=\"margin: 0cm;\">\n<li>PTFE<\/li>\n<\/ul>\n<p style=\"margin: 0cm;\">Katal\u00f3gov\u00fd list: <strong><a style=\"color: #ff0000;\" href=\"https:\/\/www.classicfilters.com\/pdf\/CF2.1\/040_PTFE_Membranes.pdf\" target=\"_blank\" rel=\"noopener noreferrer\">Membr\u00e1nov\u00e9 filtre kvapalina \/ plyn a kvapalina\/kvapalina<\/a><\/strong><\/p>\n<p style=\"margin: 0cm;\">Dimenzovanie: <strong><a style=\"color: #ff0000;\" href=\"https:\/\/www.classicfilters.com\/pdf\/CF2.1\/041_Flow_Rates_PTFE_Membranes.pdf\" target=\"_blank\" rel=\"noopener noreferrer\">Prietok a tlakov\u00e1 strata<\/a><\/strong><\/p>\n<p style=\"margin: 0cm;\">Pr\u00edklady aplik\u00e1cie: <strong><a style=\"color: #ff0000;\" href=\"https:\/\/www.classicfilters.com\/pdf\/CF2.1\/009_PTFE-Membrane_Housings.pdf\" target=\"_blank\" rel=\"noopener noreferrer\">Membr\u00e1nov\u00e9 filtre<\/a><\/strong><\/p>\n<p style=\"margin: 0cm;\">Varianty membr\u00e1nov\u00fdch filtrov <strong><a style=\"color: #ff0000;\" href=\"https:\/\/www.classicfilters.com\/pdf\/CF2.1\/010_PTFE-Membrane_Housing_Options.pdf\" target=\"_blank\" rel=\"noopener noreferrer\">Membr\u00e1nov\u00e9 filtre &#8211; mo\u017enosti osadenia membr\u00e1ny<\/a><\/strong><\/p>\n<p style=\"margin: 0cm;\">\n","protected":false},"featured_media":3182,"template":"","meta":{"_monsterinsights_skip_tracking":false,"_monsterinsights_sitenote_active":false,"_monsterinsights_sitenote_note":"","_monsterinsights_sitenote_category":0,"spay_email":""},"product_cat":[54,187],"product_tag":[],"class_list":["post-3212","product","type-product","status-publish","has-post-thumbnail","hentry","product_cat-elements","product_cat-membrane-elements","pa_filtration-grade-membrane-grade-m1","pa_filtration-grade-membrane-grade-m2","pa_filtration-grade-membrane-grade-m3","pa_filtration-grade-membrane-grade-m4","pa_filtration-grade-membrane-grade-m8","pa_grade-micro-01","pa_grade-micro-08","pa_material-ptfe","pa_material-tesnenie-nepridavat","pa_material-tesnenie-tesnenie-epdm","pa_material-tesnenie-tesnenie-ptfe","pa_teplota-temp-150","pa_teplota-temp-200","pa_velkost-elementu-element-mt-89"],"yoast_head":"<!-- This site is optimized with the Yoast SEO Premium plugin v18.1 (Yoast SEO v18.2) - https:\/\/yoast.com\/wordpress\/plugins\/seo\/ -->\n<title>MT.89.\u2022\u2022 Membr\u00e1nov\u00fd filter - 3dsro<\/title>\n<meta name=\"description\" content=\"Mikroskopick\u00e9 p\u00f3ry v membr\u00e1ne umo\u017e\u0148uj\u00fa \u013eahk\u00e9 pr\u00fadenie plynu, ale zabra\u0148uj\u00fa prestup aj t\u00fdm najmen\u0161\u00edm kvapaln\u00fdm aeros\u00f3lom. Vysok\u00e9 povrchov\u00e9 nap\u00e4tie molek\u00fal kvapal\u00edn sp\u00f4sobuje, \u017ee sa zlievaj\u00fa k sebe, \u010d\u00edm s\u00fa pr\u00edli\u0161 ve\u013ek\u00e9 na to, aby sa zmestili cez p\u00f3ry membr\u00e1ny.\" \/>\n<meta name=\"robots\" content=\"index, follow, max-snippet:-1, max-image-preview:large, max-video-preview:-1\" \/>\n<link rel=\"canonical\" href=\"https:\/\/www.3dsro.sk\/wp1\/obchod\/mt-89-membranovy-filter\/\" \/>\n<meta property=\"og:locale\" content=\"sk_SK\" \/>\n<meta property=\"og:type\" content=\"article\" \/>\n<meta property=\"og:title\" content=\"MT.89.\u2022\u2022 Membr\u00e1nov\u00fd filter\" \/>\n<meta property=\"og:description\" content=\"Mikroskopick\u00e9 p\u00f3ry v membr\u00e1ne umo\u017e\u0148uj\u00fa \u013eahk\u00e9 pr\u00fadenie plynu, ale zabra\u0148uj\u00fa prestup aj t\u00fdm najmen\u0161\u00edm kvapaln\u00fdm aeros\u00f3lom. Vysok\u00e9 povrchov\u00e9 nap\u00e4tie molek\u00fal kvapal\u00edn sp\u00f4sobuje, \u017ee sa zlievaj\u00fa k sebe, \u010d\u00edm s\u00fa pr\u00edli\u0161 ve\u013ek\u00e9 na to, aby sa zmestili cez p\u00f3ry membr\u00e1ny.\" \/>\n<meta property=\"og:url\" content=\"https:\/\/www.3dsro.sk\/wp1\/obchod\/mt-89-membranovy-filter\/\" \/>\n<meta property=\"og:site_name\" content=\"3dsro\" \/>\n<meta property=\"article:modified_time\" content=\"2025-03-24T17:41:03+00:00\" \/>\n<meta property=\"og:image\" content=\"https:\/\/www.3dsro.sk\/wp1\/wp-content\/uploads\/2021\/11\/02-membrane-element.jpg\" \/>\n\t<meta property=\"og:image:width\" content=\"982\" \/>\n\t<meta property=\"og:image:height\" content=\"982\" \/>\n\t<meta property=\"og:image:type\" content=\"image\/jpeg\" \/>\n<meta name=\"twitter:card\" content=\"summary_large_image\" \/>\n<meta name=\"twitter:label1\" content=\"Availability\" \/>\n\t<meta name=\"twitter:data1\" content=\"On backorder\" \/>\n<script type=\"application\/ld+json\" class=\"yoast-schema-graph\">{\"@context\":\"https:\/\/schema.org\",\"@graph\":[{\"@type\":\"Organization\",\"@id\":\"https:\/\/www.3dsro.sk\/wp1\/#organization\",\"name\":\"3D s.r.o.\",\"url\":\"https:\/\/www.3dsro.sk\/wp1\/\",\"sameAs\":[],\"logo\":{\"@type\":\"ImageObject\",\"@id\":\"https:\/\/www.3dsro.sk\/wp1\/#logo\",\"inLanguage\":\"sk-SK\",\"url\":\"https:\/\/www.3dsro.sk\/wp1\/wp-content\/uploads\/2020\/04\/logo-png-transp_300.png\",\"contentUrl\":\"https:\/\/www.3dsro.sk\/wp1\/wp-content\/uploads\/2020\/04\/logo-png-transp_300.png\",\"width\":300,\"height\":47,\"caption\":\"3D s.r.o.\"},\"image\":{\"@id\":\"https:\/\/www.3dsro.sk\/wp1\/#logo\"}},{\"@type\":\"WebSite\",\"@id\":\"https:\/\/www.3dsro.sk\/wp1\/#website\",\"url\":\"https:\/\/www.3dsro.sk\/wp1\/\",\"name\":\"3dsro\",\"description\":\"Process automation Robotics, Process Measurement, Control Systems\",\"publisher\":{\"@id\":\"https:\/\/www.3dsro.sk\/wp1\/#organization\"},\"potentialAction\":[{\"@type\":\"SearchAction\",\"target\":{\"@type\":\"EntryPoint\",\"urlTemplate\":\"https:\/\/www.3dsro.sk\/wp1\/?s={search_term_string}\"},\"query-input\":\"required name=search_term_string\"}],\"inLanguage\":\"sk-SK\"},{\"@type\":\"ImageObject\",\"@id\":\"https:\/\/www.3dsro.sk\/wp1\/obchod\/mt-89-membranovy-filter\/#primaryimage\",\"inLanguage\":\"sk-SK\",\"url\":\"https:\/\/www.3dsro.sk\/wp1\/wp-content\/uploads\/2021\/11\/02-membrane-element.jpg\",\"contentUrl\":\"https:\/\/www.3dsro.sk\/wp1\/wp-content\/uploads\/2021\/11\/02-membrane-element.jpg\",\"width\":982,\"height\":982,\"caption\":\"filtracna teflonova membrana\"},{\"@type\":\"WebPage\",\"@id\":\"https:\/\/www.3dsro.sk\/wp1\/obchod\/mt-89-membranovy-filter\/#webpage\",\"url\":\"https:\/\/www.3dsro.sk\/wp1\/obchod\/mt-89-membranovy-filter\/\",\"name\":\"MT.89.\u2022\u2022 Membr\u00e1nov\u00fd filter - 3dsro\",\"isPartOf\":{\"@id\":\"https:\/\/www.3dsro.sk\/wp1\/#website\"},\"primaryImageOfPage\":{\"@id\":\"https:\/\/www.3dsro.sk\/wp1\/obchod\/mt-89-membranovy-filter\/#primaryimage\"},\"datePublished\":\"2021-11-28T17:26:32+00:00\",\"dateModified\":\"2025-03-24T17:41:03+00:00\",\"description\":\"Mikroskopick\u00e9 p\u00f3ry v membr\u00e1ne umo\u017e\u0148uj\u00fa \u013eahk\u00e9 pr\u00fadenie plynu, ale zabra\u0148uj\u00fa prestup aj t\u00fdm najmen\u0161\u00edm kvapaln\u00fdm aeros\u00f3lom. Vysok\u00e9 povrchov\u00e9 nap\u00e4tie molek\u00fal kvapal\u00edn sp\u00f4sobuje, \u017ee sa zlievaj\u00fa k sebe, \u010d\u00edm s\u00fa pr\u00edli\u0161 ve\u013ek\u00e9 na to, aby sa zmestili cez p\u00f3ry membr\u00e1ny.\",\"breadcrumb\":{\"@id\":\"https:\/\/www.3dsro.sk\/wp1\/obchod\/mt-89-membranovy-filter\/#breadcrumb\"},\"inLanguage\":\"sk-SK\",\"potentialAction\":[{\"@type\":\"ReadAction\",\"target\":[\"https:\/\/www.3dsro.sk\/wp1\/obchod\/mt-89-membranovy-filter\/\"]}]},{\"@type\":\"BreadcrumbList\",\"@id\":\"https:\/\/www.3dsro.sk\/wp1\/obchod\/mt-89-membranovy-filter\/#breadcrumb\",\"itemListElement\":[{\"@type\":\"ListItem\",\"position\":1,\"name\":\"Home\",\"item\":\"https:\/\/www.3dsro.sk\/wp1\/\"},{\"@type\":\"ListItem\",\"position\":2,\"name\":\"Obchod\",\"item\":\"https:\/\/www.3dsro.sk\/wp1\/obchod\/\"},{\"@type\":\"ListItem\",\"position\":3,\"name\":\"MT.89.\u2022\u2022 Membr\u00e1nov\u00fd filter\"}]}]}<\/script>\n<meta property=\"og:availability\" content=\"backorder\" \/>\n<meta property=\"product:availability\" content=\"available for order\" \/>\n<meta property=\"product:retailer_item_id\" content=\"MT.89.\u2022\u2022\" \/>\n<meta property=\"product:condition\" content=\"new\" \/>\n<!-- \/ Yoast SEO Premium plugin. -->","yoast_head_json":{"title":"MT.89.\u2022\u2022 Membr\u00e1nov\u00fd filter - 3dsro","description":"Mikroskopick\u00e9 p\u00f3ry v membr\u00e1ne umo\u017e\u0148uj\u00fa \u013eahk\u00e9 pr\u00fadenie plynu, ale zabra\u0148uj\u00fa prestup aj t\u00fdm najmen\u0161\u00edm kvapaln\u00fdm aeros\u00f3lom. Vysok\u00e9 povrchov\u00e9 nap\u00e4tie molek\u00fal kvapal\u00edn sp\u00f4sobuje, \u017ee sa zlievaj\u00fa k sebe, \u010d\u00edm s\u00fa pr\u00edli\u0161 ve\u013ek\u00e9 na to, aby sa zmestili cez p\u00f3ry membr\u00e1ny.","robots":{"index":"index","follow":"follow","max-snippet":"max-snippet:-1","max-image-preview":"max-image-preview:large","max-video-preview":"max-video-preview:-1"},"canonical":"https:\/\/www.3dsro.sk\/wp1\/obchod\/mt-89-membranovy-filter\/","og_locale":"sk_SK","og_type":"article","og_title":"MT.89.\u2022\u2022 Membr\u00e1nov\u00fd filter","og_description":"Mikroskopick\u00e9 p\u00f3ry v membr\u00e1ne umo\u017e\u0148uj\u00fa \u013eahk\u00e9 pr\u00fadenie plynu, ale zabra\u0148uj\u00fa prestup aj t\u00fdm najmen\u0161\u00edm kvapaln\u00fdm aeros\u00f3lom. Vysok\u00e9 povrchov\u00e9 nap\u00e4tie molek\u00fal kvapal\u00edn sp\u00f4sobuje, \u017ee sa zlievaj\u00fa k sebe, \u010d\u00edm s\u00fa pr\u00edli\u0161 ve\u013ek\u00e9 na to, aby sa zmestili cez p\u00f3ry membr\u00e1ny.","og_url":"https:\/\/www.3dsro.sk\/wp1\/obchod\/mt-89-membranovy-filter\/","og_site_name":"3dsro","article_modified_time":"2025-03-24T17:41:03+00:00","og_image":[{"width":982,"height":982,"url":"https:\/\/www.3dsro.sk\/wp1\/wp-content\/uploads\/2021\/11\/02-membrane-element.jpg","type":"image\/jpeg"}],"twitter_card":"summary_large_image","twitter_misc":{"Availability":"On backorder"},"schema":{"@context":"https:\/\/schema.org","@graph":[{"@type":"Organization","@id":"https:\/\/www.3dsro.sk\/wp1\/#organization","name":"3D s.r.o.","url":"https:\/\/www.3dsro.sk\/wp1\/","sameAs":[],"logo":{"@type":"ImageObject","@id":"https:\/\/www.3dsro.sk\/wp1\/#logo","inLanguage":"sk-SK","url":"https:\/\/www.3dsro.sk\/wp1\/wp-content\/uploads\/2020\/04\/logo-png-transp_300.png","contentUrl":"https:\/\/www.3dsro.sk\/wp1\/wp-content\/uploads\/2020\/04\/logo-png-transp_300.png","width":300,"height":47,"caption":"3D s.r.o."},"image":{"@id":"https:\/\/www.3dsro.sk\/wp1\/#logo"}},{"@type":"WebSite","@id":"https:\/\/www.3dsro.sk\/wp1\/#website","url":"https:\/\/www.3dsro.sk\/wp1\/","name":"3dsro","description":"Process automation Robotics, Process Measurement, Control Systems","publisher":{"@id":"https:\/\/www.3dsro.sk\/wp1\/#organization"},"potentialAction":[{"@type":"SearchAction","target":{"@type":"EntryPoint","urlTemplate":"https:\/\/www.3dsro.sk\/wp1\/?s={search_term_string}"},"query-input":"required name=search_term_string"}],"inLanguage":"sk-SK"},{"@type":"ImageObject","@id":"https:\/\/www.3dsro.sk\/wp1\/obchod\/mt-89-membranovy-filter\/#primaryimage","inLanguage":"sk-SK","url":"https:\/\/www.3dsro.sk\/wp1\/wp-content\/uploads\/2021\/11\/02-membrane-element.jpg","contentUrl":"https:\/\/www.3dsro.sk\/wp1\/wp-content\/uploads\/2021\/11\/02-membrane-element.jpg","width":982,"height":982,"caption":"filtracna teflonova membrana"},{"@type":"WebPage","@id":"https:\/\/www.3dsro.sk\/wp1\/obchod\/mt-89-membranovy-filter\/#webpage","url":"https:\/\/www.3dsro.sk\/wp1\/obchod\/mt-89-membranovy-filter\/","name":"MT.89.\u2022\u2022 Membr\u00e1nov\u00fd filter - 3dsro","isPartOf":{"@id":"https:\/\/www.3dsro.sk\/wp1\/#website"},"primaryImageOfPage":{"@id":"https:\/\/www.3dsro.sk\/wp1\/obchod\/mt-89-membranovy-filter\/#primaryimage"},"datePublished":"2021-11-28T17:26:32+00:00","dateModified":"2025-03-24T17:41:03+00:00","description":"Mikroskopick\u00e9 p\u00f3ry v membr\u00e1ne umo\u017e\u0148uj\u00fa \u013eahk\u00e9 pr\u00fadenie plynu, ale zabra\u0148uj\u00fa prestup aj t\u00fdm najmen\u0161\u00edm kvapaln\u00fdm aeros\u00f3lom. Vysok\u00e9 povrchov\u00e9 nap\u00e4tie molek\u00fal kvapal\u00edn sp\u00f4sobuje, \u017ee sa zlievaj\u00fa k sebe, \u010d\u00edm s\u00fa pr\u00edli\u0161 ve\u013ek\u00e9 na to, aby sa zmestili cez p\u00f3ry membr\u00e1ny.","breadcrumb":{"@id":"https:\/\/www.3dsro.sk\/wp1\/obchod\/mt-89-membranovy-filter\/#breadcrumb"},"inLanguage":"sk-SK","potentialAction":[{"@type":"ReadAction","target":["https:\/\/www.3dsro.sk\/wp1\/obchod\/mt-89-membranovy-filter\/"]}]},{"@type":"BreadcrumbList","@id":"https:\/\/www.3dsro.sk\/wp1\/obchod\/mt-89-membranovy-filter\/#breadcrumb","itemListElement":[{"@type":"ListItem","position":1,"name":"Home","item":"https:\/\/www.3dsro.sk\/wp1\/"},{"@type":"ListItem","position":2,"name":"Obchod","item":"https:\/\/www.3dsro.sk\/wp1\/obchod\/"},{"@type":"ListItem","position":3,"name":"MT.89.\u2022\u2022 Membr\u00e1nov\u00fd filter"}]}]},"og_availability":"backorder","product_availability":"available for order","product_retailer_item_id":"MT.89.\u2022\u2022","product_condition":"new"},"_links":{"self":[{"href":"https:\/\/www.3dsro.sk\/wp1\/wp-json\/wp\/v2\/product\/3212","targetHints":{"allow":["GET"]}}],"collection":[{"href":"https:\/\/www.3dsro.sk\/wp1\/wp-json\/wp\/v2\/product"}],"about":[{"href":"https:\/\/www.3dsro.sk\/wp1\/wp-json\/wp\/v2\/types\/product"}],"wp:featuredmedia":[{"embeddable":true,"href":"https:\/\/www.3dsro.sk\/wp1\/wp-json\/wp\/v2\/media\/3182"}],"wp:attachment":[{"href":"https:\/\/www.3dsro.sk\/wp1\/wp-json\/wp\/v2\/media?parent=3212"}],"wp:term":[{"taxonomy":"product_cat","embeddable":true,"href":"https:\/\/www.3dsro.sk\/wp1\/wp-json\/wp\/v2\/product_cat?post=3212"},{"taxonomy":"product_tag","embeddable":true,"href":"https:\/\/www.3dsro.sk\/wp1\/wp-json\/wp\/v2\/product_tag?post=3212"}],"curies":[{"name":"wp","href":"https:\/\/api.w.org\/{rel}","templated":true}]}}