{"id":3149,"date":"2021-11-28T08:46:12","date_gmt":"2021-11-28T07:46:12","guid":{"rendered":"https:\/\/www.3dsro.sk\/wp1\/?post_type=product&#038;p=3149"},"modified":"2025-03-24T18:42:40","modified_gmt":"2025-03-24T17:42:40","slug":"12-32-pe-pe-filter","status":"publish","type":"product","link":"https:\/\/www.3dsro.sk\/wp1\/obchod\/12-32-pe-pe-filter\/","title":{"rendered":"12.32.PE\u2022\u2022 PE filter"},"content":{"rendered":"<p>Polyetyl\u00e9nov\u00e9 filtra\u010dn\u00e9 prvky s\u00fa spekan\u00e9 z \u010dist\u00e9ho granul\u00e1tu polyetyl\u00e9nu. Maxim\u00e1lna teplota je 150\u00b0C. Pre aplik\u00e1cie s cenovo dostupn\u00fdm plastov\u00fdm filtra\u010dn\u00fdm prvokom.<\/p>\n<p>Sp\u00f4sob kon\u0161trukcie a osadenia do tela filtra nevy\u017eaduje dodato\u010dn\u00e9 tesnenia.<\/p>\n<p><strong>Filtrovanie pevn\u00fdch \u010dast\u00edc<\/strong><\/p>\n<div id=\"attachment_3151\" style=\"width: 1367px\" class=\"wp-caption alignnone\"><img decoding=\"async\" aria-describedby=\"caption-attachment-3151\" class=\"size-full wp-image-3151\" src=\"https:\/\/www.3dsro.sk\/wp1\/wp-content\/uploads\/2021\/11\/pe-grade.jpg\" alt=\"pe filter element\" width=\"1357\" height=\"232\" srcset=\"https:\/\/www.3dsro.sk\/wp1\/wp-content\/uploads\/2021\/11\/pe-grade-200x34.jpg 200w, https:\/\/www.3dsro.sk\/wp1\/wp-content\/uploads\/2021\/11\/pe-grade-300x51.jpg 300w, https:\/\/www.3dsro.sk\/wp1\/wp-content\/uploads\/2021\/11\/pe-grade-400x68.jpg 400w, https:\/\/www.3dsro.sk\/wp1\/wp-content\/uploads\/2021\/11\/pe-grade-500x85.jpg 500w, https:\/\/www.3dsro.sk\/wp1\/wp-content\/uploads\/2021\/11\/pe-grade-600x103.jpg 600w, https:\/\/www.3dsro.sk\/wp1\/wp-content\/uploads\/2021\/11\/pe-grade-700x120.jpg 700w, https:\/\/www.3dsro.sk\/wp1\/wp-content\/uploads\/2021\/11\/pe-grade-768x131.jpg 768w, https:\/\/www.3dsro.sk\/wp1\/wp-content\/uploads\/2021\/11\/pe-grade-800x137.jpg 800w, https:\/\/www.3dsro.sk\/wp1\/wp-content\/uploads\/2021\/11\/pe-grade-1024x175.jpg 1024w, https:\/\/www.3dsro.sk\/wp1\/wp-content\/uploads\/2021\/11\/pe-grade-1200x205.jpg 1200w, https:\/\/www.3dsro.sk\/wp1\/wp-content\/uploads\/2021\/11\/pe-grade.jpg 1357w\" sizes=\"(max-width: 1357px) 100vw, 1357px\" \/><p id=\"caption-attachment-3151\" class=\"wp-caption-text\">pe filter element<\/p><\/div>\n","protected":false},"excerpt":{"rendered":"<p style=\"margin: 0cm;\">100% PE filtra\u010dn\u00fd element (polyetyl\u00e9n)<\/p>\n<ul style=\"margin: 0cm;\">\n<li>Filtrovanie pevn\u00fdch \u010dast\u00edc<\/li>\n<\/ul>\n<p style=\"margin: 0cm;\">Materi\u00e1l filtra\u010dn\u00e9ho elementu:<\/p>\n<ul style=\"margin: 0cm;\">\n<li>polyetyl\u00e9n<\/li>\n<\/ul>\n<p style=\"margin: 0cm;\">Produktov\u00fd katal\u00f3g: <strong><a style=\"color: #ff0000;\" href=\"https:\/\/www.classicfilters.com\/pdf\/CF2.1\/024_PTFE_and_PE_Filter_Elements.pdf\" target=\"_blank\" rel=\"noopener noreferrer\">PTFE\/PE filtra\u010dn\u00e9 elementy<\/a><\/strong><\/p>\n<p style=\"margin: 0cm;\">Dimenzovanie pre plyny\u00a0 <strong><a style=\"color: #ff0000;\" href=\"https:\/\/www.classicfilters.com\/pdf\/CF2.1\/033_Air_Flow_Rates_PTFE.pdf\" target=\"_blank\" rel=\"noopener noreferrer\">prietok, tlakov\u00e1 strata<\/a><\/strong><\/p>\n","protected":false},"featured_media":3153,"template":"","meta":{"_monsterinsights_skip_tracking":false,"_monsterinsights_sitenote_active":false,"_monsterinsights_sitenote_note":"","_monsterinsights_sitenote_category":0,"spay_email":""},"product_cat":[54,186],"product_tag":[],"class_list":["post-3149","product","type-product","status-publish","has-post-thumbnail","hentry","product_cat-elements","product_cat-pe-filter-element","pa_filtration-grade-ptfe-pe-grade-t2","pa_filtration-grade-ptfe-pe-grade-t10","pa_filtration-grade-ptfe-pe-grade-t20","pa_filtration-grade-ptfe-pe-grade-t40","pa_filtration-grade-ptfe-pe-grade-t100","pa_grade-micro-2","pa_grade-micro-10","pa_grade-micro-20","pa_grade-micro-40","pa_grade-micro-100","pa_material-pe","pa_teplota-temp-150","pa_velkost-elementu-element-12-32"],"yoast_head":"<!-- This site is optimized with the Yoast SEO Premium plugin v18.1 (Yoast SEO v18.2) - https:\/\/yoast.com\/wordpress\/plugins\/seo\/ -->\n<title>12.32.PE\u2022\u2022 PE filter - 3dsro<\/title>\n<meta name=\"description\" content=\"PTFE filtra\u010dn\u00e9 prvky sa vyr\u00e1baj\u00fa spekan\u00edm \u010dist\u00fdch PTFE gran\u00fal. Pou\u017eitie PTFE filtra\u010dn\u00fdch prvkov je vhodn\u00e9 tam ke\u010f nie je mo\u017en\u00e9 pou\u017ei\u0165 in\u00fd materi\u00e1l.\" \/>\n<meta name=\"robots\" content=\"index, follow, max-snippet:-1, max-image-preview:large, max-video-preview:-1\" \/>\n<link rel=\"canonical\" href=\"https:\/\/www.3dsro.sk\/wp1\/obchod\/12-32-pe-pe-filter\/\" \/>\n<meta property=\"og:locale\" content=\"sk_SK\" \/>\n<meta property=\"og:type\" content=\"article\" \/>\n<meta property=\"og:title\" content=\"12.32.PE\u2022\u2022 PE filter\" \/>\n<meta property=\"og:description\" content=\"PTFE filtra\u010dn\u00e9 prvky sa vyr\u00e1baj\u00fa spekan\u00edm \u010dist\u00fdch PTFE gran\u00fal. Pou\u017eitie PTFE filtra\u010dn\u00fdch prvkov je vhodn\u00e9 tam ke\u010f nie je mo\u017en\u00e9 pou\u017ei\u0165 in\u00fd materi\u00e1l.\" \/>\n<meta property=\"og:url\" content=\"https:\/\/www.3dsro.sk\/wp1\/obchod\/12-32-pe-pe-filter\/\" \/>\n<meta property=\"og:site_name\" content=\"3dsro\" \/>\n<meta property=\"article:modified_time\" content=\"2025-03-24T17:42:40+00:00\" \/>\n<meta property=\"og:image\" content=\"https:\/\/www.3dsro.sk\/wp1\/wp-content\/uploads\/2021\/11\/01-pe-filter.jpg\" \/>\n\t<meta property=\"og:image:width\" content=\"1000\" \/>\n\t<meta property=\"og:image:height\" content=\"1000\" \/>\n\t<meta property=\"og:image:type\" content=\"image\/jpeg\" \/>\n<meta name=\"twitter:card\" content=\"summary_large_image\" \/>\n<meta name=\"twitter:label1\" content=\"Availability\" \/>\n\t<meta name=\"twitter:data1\" content=\"On backorder\" \/>\n<script type=\"application\/ld+json\" class=\"yoast-schema-graph\">{\"@context\":\"https:\/\/schema.org\",\"@graph\":[{\"@type\":\"Organization\",\"@id\":\"https:\/\/www.3dsro.sk\/wp1\/#organization\",\"name\":\"3D s.r.o.\",\"url\":\"https:\/\/www.3dsro.sk\/wp1\/\",\"sameAs\":[],\"logo\":{\"@type\":\"ImageObject\",\"@id\":\"https:\/\/www.3dsro.sk\/wp1\/#logo\",\"inLanguage\":\"sk-SK\",\"url\":\"https:\/\/www.3dsro.sk\/wp1\/wp-content\/uploads\/2020\/04\/logo-png-transp_300.png\",\"contentUrl\":\"https:\/\/www.3dsro.sk\/wp1\/wp-content\/uploads\/2020\/04\/logo-png-transp_300.png\",\"width\":300,\"height\":47,\"caption\":\"3D s.r.o.\"},\"image\":{\"@id\":\"https:\/\/www.3dsro.sk\/wp1\/#logo\"}},{\"@type\":\"WebSite\",\"@id\":\"https:\/\/www.3dsro.sk\/wp1\/#website\",\"url\":\"https:\/\/www.3dsro.sk\/wp1\/\",\"name\":\"3dsro\",\"description\":\"Process automation Robotics, Process Measurement, Control Systems\",\"publisher\":{\"@id\":\"https:\/\/www.3dsro.sk\/wp1\/#organization\"},\"potentialAction\":[{\"@type\":\"SearchAction\",\"target\":{\"@type\":\"EntryPoint\",\"urlTemplate\":\"https:\/\/www.3dsro.sk\/wp1\/?s={search_term_string}\"},\"query-input\":\"required name=search_term_string\"}],\"inLanguage\":\"sk-SK\"},{\"@type\":\"ImageObject\",\"@id\":\"https:\/\/www.3dsro.sk\/wp1\/obchod\/12-32-pe-pe-filter\/#primaryimage\",\"inLanguage\":\"sk-SK\",\"url\":\"https:\/\/www.3dsro.sk\/wp1\/wp-content\/uploads\/2021\/11\/01-pe-filter.jpg\",\"contentUrl\":\"https:\/\/www.3dsro.sk\/wp1\/wp-content\/uploads\/2021\/11\/01-pe-filter.jpg\",\"width\":1000,\"height\":1000,\"caption\":\"polyetylenovy filter\"},{\"@type\":\"WebPage\",\"@id\":\"https:\/\/www.3dsro.sk\/wp1\/obchod\/12-32-pe-pe-filter\/#webpage\",\"url\":\"https:\/\/www.3dsro.sk\/wp1\/obchod\/12-32-pe-pe-filter\/\",\"name\":\"12.32.PE\u2022\u2022 PE filter - 3dsro\",\"isPartOf\":{\"@id\":\"https:\/\/www.3dsro.sk\/wp1\/#website\"},\"primaryImageOfPage\":{\"@id\":\"https:\/\/www.3dsro.sk\/wp1\/obchod\/12-32-pe-pe-filter\/#primaryimage\"},\"datePublished\":\"2021-11-28T07:46:12+00:00\",\"dateModified\":\"2025-03-24T17:42:40+00:00\",\"description\":\"PTFE filtra\u010dn\u00e9 prvky sa vyr\u00e1baj\u00fa spekan\u00edm \u010dist\u00fdch PTFE gran\u00fal. Pou\u017eitie PTFE filtra\u010dn\u00fdch prvkov je vhodn\u00e9 tam ke\u010f nie je mo\u017en\u00e9 pou\u017ei\u0165 in\u00fd materi\u00e1l.\",\"breadcrumb\":{\"@id\":\"https:\/\/www.3dsro.sk\/wp1\/obchod\/12-32-pe-pe-filter\/#breadcrumb\"},\"inLanguage\":\"sk-SK\",\"potentialAction\":[{\"@type\":\"ReadAction\",\"target\":[\"https:\/\/www.3dsro.sk\/wp1\/obchod\/12-32-pe-pe-filter\/\"]}]},{\"@type\":\"BreadcrumbList\",\"@id\":\"https:\/\/www.3dsro.sk\/wp1\/obchod\/12-32-pe-pe-filter\/#breadcrumb\",\"itemListElement\":[{\"@type\":\"ListItem\",\"position\":1,\"name\":\"Home\",\"item\":\"https:\/\/www.3dsro.sk\/wp1\/\"},{\"@type\":\"ListItem\",\"position\":2,\"name\":\"Obchod\",\"item\":\"https:\/\/www.3dsro.sk\/wp1\/obchod\/\"},{\"@type\":\"ListItem\",\"position\":3,\"name\":\"12.32.PE\u2022\u2022 PE filter\"}]}]}<\/script>\n<meta property=\"og:availability\" content=\"backorder\" \/>\n<meta property=\"product:availability\" content=\"available for order\" \/>\n<meta property=\"product:retailer_item_id\" content=\"12.32.PE\u2022\u2022\" \/>\n<meta property=\"product:condition\" content=\"new\" \/>\n<!-- \/ Yoast SEO Premium plugin. -->","yoast_head_json":{"title":"12.32.PE\u2022\u2022 PE filter - 3dsro","description":"PTFE filtra\u010dn\u00e9 prvky sa vyr\u00e1baj\u00fa spekan\u00edm \u010dist\u00fdch PTFE gran\u00fal. Pou\u017eitie PTFE filtra\u010dn\u00fdch prvkov je vhodn\u00e9 tam ke\u010f nie je mo\u017en\u00e9 pou\u017ei\u0165 in\u00fd materi\u00e1l.","robots":{"index":"index","follow":"follow","max-snippet":"max-snippet:-1","max-image-preview":"max-image-preview:large","max-video-preview":"max-video-preview:-1"},"canonical":"https:\/\/www.3dsro.sk\/wp1\/obchod\/12-32-pe-pe-filter\/","og_locale":"sk_SK","og_type":"article","og_title":"12.32.PE\u2022\u2022 PE filter","og_description":"PTFE filtra\u010dn\u00e9 prvky sa vyr\u00e1baj\u00fa spekan\u00edm \u010dist\u00fdch PTFE gran\u00fal. Pou\u017eitie PTFE filtra\u010dn\u00fdch prvkov je vhodn\u00e9 tam ke\u010f nie je mo\u017en\u00e9 pou\u017ei\u0165 in\u00fd materi\u00e1l.","og_url":"https:\/\/www.3dsro.sk\/wp1\/obchod\/12-32-pe-pe-filter\/","og_site_name":"3dsro","article_modified_time":"2025-03-24T17:42:40+00:00","og_image":[{"width":1000,"height":1000,"url":"https:\/\/www.3dsro.sk\/wp1\/wp-content\/uploads\/2021\/11\/01-pe-filter.jpg","type":"image\/jpeg"}],"twitter_card":"summary_large_image","twitter_misc":{"Availability":"On backorder"},"schema":{"@context":"https:\/\/schema.org","@graph":[{"@type":"Organization","@id":"https:\/\/www.3dsro.sk\/wp1\/#organization","name":"3D s.r.o.","url":"https:\/\/www.3dsro.sk\/wp1\/","sameAs":[],"logo":{"@type":"ImageObject","@id":"https:\/\/www.3dsro.sk\/wp1\/#logo","inLanguage":"sk-SK","url":"https:\/\/www.3dsro.sk\/wp1\/wp-content\/uploads\/2020\/04\/logo-png-transp_300.png","contentUrl":"https:\/\/www.3dsro.sk\/wp1\/wp-content\/uploads\/2020\/04\/logo-png-transp_300.png","width":300,"height":47,"caption":"3D s.r.o."},"image":{"@id":"https:\/\/www.3dsro.sk\/wp1\/#logo"}},{"@type":"WebSite","@id":"https:\/\/www.3dsro.sk\/wp1\/#website","url":"https:\/\/www.3dsro.sk\/wp1\/","name":"3dsro","description":"Process automation Robotics, Process Measurement, Control Systems","publisher":{"@id":"https:\/\/www.3dsro.sk\/wp1\/#organization"},"potentialAction":[{"@type":"SearchAction","target":{"@type":"EntryPoint","urlTemplate":"https:\/\/www.3dsro.sk\/wp1\/?s={search_term_string}"},"query-input":"required name=search_term_string"}],"inLanguage":"sk-SK"},{"@type":"ImageObject","@id":"https:\/\/www.3dsro.sk\/wp1\/obchod\/12-32-pe-pe-filter\/#primaryimage","inLanguage":"sk-SK","url":"https:\/\/www.3dsro.sk\/wp1\/wp-content\/uploads\/2021\/11\/01-pe-filter.jpg","contentUrl":"https:\/\/www.3dsro.sk\/wp1\/wp-content\/uploads\/2021\/11\/01-pe-filter.jpg","width":1000,"height":1000,"caption":"polyetylenovy filter"},{"@type":"WebPage","@id":"https:\/\/www.3dsro.sk\/wp1\/obchod\/12-32-pe-pe-filter\/#webpage","url":"https:\/\/www.3dsro.sk\/wp1\/obchod\/12-32-pe-pe-filter\/","name":"12.32.PE\u2022\u2022 PE filter - 3dsro","isPartOf":{"@id":"https:\/\/www.3dsro.sk\/wp1\/#website"},"primaryImageOfPage":{"@id":"https:\/\/www.3dsro.sk\/wp1\/obchod\/12-32-pe-pe-filter\/#primaryimage"},"datePublished":"2021-11-28T07:46:12+00:00","dateModified":"2025-03-24T17:42:40+00:00","description":"PTFE filtra\u010dn\u00e9 prvky sa vyr\u00e1baj\u00fa spekan\u00edm \u010dist\u00fdch PTFE gran\u00fal. Pou\u017eitie PTFE filtra\u010dn\u00fdch prvkov je vhodn\u00e9 tam ke\u010f nie je mo\u017en\u00e9 pou\u017ei\u0165 in\u00fd materi\u00e1l.","breadcrumb":{"@id":"https:\/\/www.3dsro.sk\/wp1\/obchod\/12-32-pe-pe-filter\/#breadcrumb"},"inLanguage":"sk-SK","potentialAction":[{"@type":"ReadAction","target":["https:\/\/www.3dsro.sk\/wp1\/obchod\/12-32-pe-pe-filter\/"]}]},{"@type":"BreadcrumbList","@id":"https:\/\/www.3dsro.sk\/wp1\/obchod\/12-32-pe-pe-filter\/#breadcrumb","itemListElement":[{"@type":"ListItem","position":1,"name":"Home","item":"https:\/\/www.3dsro.sk\/wp1\/"},{"@type":"ListItem","position":2,"name":"Obchod","item":"https:\/\/www.3dsro.sk\/wp1\/obchod\/"},{"@type":"ListItem","position":3,"name":"12.32.PE\u2022\u2022 PE filter"}]}]},"og_availability":"backorder","product_availability":"available for order","product_retailer_item_id":"12.32.PE\u2022\u2022","product_condition":"new"},"_links":{"self":[{"href":"https:\/\/www.3dsro.sk\/wp1\/wp-json\/wp\/v2\/product\/3149","targetHints":{"allow":["GET"]}}],"collection":[{"href":"https:\/\/www.3dsro.sk\/wp1\/wp-json\/wp\/v2\/product"}],"about":[{"href":"https:\/\/www.3dsro.sk\/wp1\/wp-json\/wp\/v2\/types\/product"}],"wp:featuredmedia":[{"embeddable":true,"href":"https:\/\/www.3dsro.sk\/wp1\/wp-json\/wp\/v2\/media\/3153"}],"wp:attachment":[{"href":"https:\/\/www.3dsro.sk\/wp1\/wp-json\/wp\/v2\/media?parent=3149"}],"wp:term":[{"taxonomy":"product_cat","embeddable":true,"href":"https:\/\/www.3dsro.sk\/wp1\/wp-json\/wp\/v2\/product_cat?post=3149"},{"taxonomy":"product_tag","embeddable":true,"href":"https:\/\/www.3dsro.sk\/wp1\/wp-json\/wp\/v2\/product_tag?post=3149"}],"curies":[{"name":"wp","href":"https:\/\/api.w.org\/{rel}","templated":true}]}}