{"id":3087,"date":"2021-11-27T21:16:05","date_gmt":"2021-11-27T20:16:05","guid":{"rendered":"https:\/\/www.3dsro.sk\/wp1\/?post_type=product&#038;p=3087"},"modified":"2025-03-24T18:45:02","modified_gmt":"2025-03-24T17:45:02","slug":"38-152-s-filter-sintrovany-nerez","status":"publish","type":"product","link":"https:\/\/www.3dsro.sk\/wp1\/obchod\/38-152-s-filter-sintrovany-nerez\/","title":{"rendered":"38.152.S\u2022\u2022 Filter sintrovan\u00fd nerez"},"content":{"rendered":"<p>Filtra\u010dn\u00e9 prvky z nehrdzavej\u00facej ocele sa skladaj\u00fa z piatich vrstiev 316L sie\u0165oviny, ktor\u00e9 s\u00fa spolu spekan\u00e9 na vytvorenie integrovan\u00e9ho p\u00f3rovit\u00e9ho prierezu. Stredn\u00e9 pletivo je z ve\u013emi jemn\u00e9ho dr\u00f4tu a ur\u010duje jemnos\u0165 filtr\u00e1cie, t\u00e1to vrstva sa potom prekryje vn\u00fatorn\u00fdmi a vonkaj\u0161\u00edmi vrstvami hrub\u0161\u00edch sie\u0165ovina, ktor\u00e1 poskytuje podporu a ochranu.<\/p>\n<p>Vhodn\u00e9 pre silne zne\u010disten\u00e9 m\u00e9dia pou\u017eit\u00e9 vo filtroch, ktor\u00e9 s\u00fa predrad\u00e9 pred filtrami s<strong><span style=\"color: #ff0000;\"> <a style=\"color: #ff0000;\" href=\"https:\/\/www.3dsro.sk\/wp1\/kategoria-produktu\/elements\/jednorazove-pevne-castice\/\" target=\"_blank\" rel=\"noopener\">jednor\u00e1zov\u00fdmi filtra\u010dn\u00fdmi elementami<\/a><\/span><\/strong> pevn\u00fdch \u010dasti alebo <strong><span style=\"color: #ff0000;\"><a style=\"color: #ff0000;\" href=\"https:\/\/www.3dsro.sk\/wp1\/kategoria-produktu\/elements\/jednorazove-pevne-castice\/\">koalsecen\u010dn\u00fdmi filtrami<\/a><\/span><\/strong>.<\/p>\n<p>Vyberte vhodn\u00e9 tesnenie pod\u013ea aplik\u00e1cie, filtrovan\u00e9ho m\u00e9dia a jeho teploty. Bez tesnenia nebude filter funk\u010dn\u00fd.<\/p>\n<p>Filtra\u010dn\u00e9 prvky s\u00fa dostupn\u00e9 v \u0161irokej \u0161k\u00e1le \u0161tandardn\u00fdch priemerov a d\u013a\u017eok. Rozmery s\u00fa odvoden\u00e9 od \u0161tandardn\u00fdch priemyseln\u00fdch ve\u013ekostiach a umo\u017e\u0148uj\u00fa in\u0161tal\u00e1ciu prvkov aj vo filtroch od in\u00fdch v\u00fdrobcov.<\/p>\n<p><strong>Filtrovanie pevn\u00fdch \u010dast\u00edc<\/strong><\/p>\n<p><img decoding=\"async\" class=\"size-full wp-image-3066 alignnone\" src=\"https:\/\/www.3dsro.sk\/wp1\/wp-content\/uploads\/2021\/11\/nerez_grade.png\" alt=\"\" width=\"1086\" height=\"307\" srcset=\"https:\/\/www.3dsro.sk\/wp1\/wp-content\/uploads\/2021\/11\/nerez_grade-200x57.png 200w, https:\/\/www.3dsro.sk\/wp1\/wp-content\/uploads\/2021\/11\/nerez_grade-300x85.png 300w, https:\/\/www.3dsro.sk\/wp1\/wp-content\/uploads\/2021\/11\/nerez_grade-400x113.png 400w, https:\/\/www.3dsro.sk\/wp1\/wp-content\/uploads\/2021\/11\/nerez_grade-500x141.png 500w, https:\/\/www.3dsro.sk\/wp1\/wp-content\/uploads\/2021\/11\/nerez_grade-600x170.png 600w, https:\/\/www.3dsro.sk\/wp1\/wp-content\/uploads\/2021\/11\/nerez_grade-700x198.png 700w, https:\/\/www.3dsro.sk\/wp1\/wp-content\/uploads\/2021\/11\/nerez_grade-768x217.png 768w, https:\/\/www.3dsro.sk\/wp1\/wp-content\/uploads\/2021\/11\/nerez_grade-800x226.png 800w, https:\/\/www.3dsro.sk\/wp1\/wp-content\/uploads\/2021\/11\/nerez_grade-1024x289.png 1024w, https:\/\/www.3dsro.sk\/wp1\/wp-content\/uploads\/2021\/11\/nerez_grade.png 1086w\" sizes=\"(max-width: 1086px) 100vw, 1086px\" \/><\/p>\n","protected":false},"excerpt":{"rendered":"<p style=\"margin: 0cm;\">5-vrstvov\u00fd nerezov\u00fd sintrovan\u00fd filtra\u010dn\u00fd element<\/p>\n<ul style=\"margin: 0cm;\">\n<li>Filtrovanie pevn\u00fdch \u010dast\u00edc<\/li>\n<\/ul>\n<p style=\"margin: 0cm;\">Materi\u00e1l filtra\u010dn\u00e9ho elementu:<\/p>\n<ul style=\"margin: 0cm;\">\n<li>316L<\/li>\n<\/ul>\n<p style=\"margin: 0cm;\">Materi\u00e1l tesnenia:<\/p>\n<ul style=\"margin: 0cm;\">\n<li>Viton pre teploty m\u00e9dia do 200\u00b0C<\/li>\n<li>EPDM pre teploty m\u00e9dia do 150\u00b0C<\/li>\n<li>PTFE pre teploty m\u00e9dia do 200\u00b0C<\/li>\n<li>Me\u010f pre teploty m\u00e9dia do 480\u00b0C<\/li>\n<\/ul>\n<p style=\"margin: 0cm;\">Produktov\u00fd katal\u00f3g: <strong><a style=\"color: #ff0000;\" href=\"https:\/\/www.classicfilters.com\/pdf\/CF2.1\/023_Stainless_Steel_Filter_Elements.pdf\" target=\"_blank\" rel=\"noopener noreferrer\">nerezov\u00e9 filtra\u010dn\u00e9 elementy<\/a><\/strong><\/p>\n<p style=\"margin: 0cm;\">Dimenzovanie pre plyny\u00a0 <strong><a style=\"color: #ff0000;\" href=\"https:\/\/www.classicfilters.com\/pdf\/CF2.1\/032_Air_Flow_Rates_SS.pdf\" target=\"_blank\" rel=\"noopener noreferrer\">prietok, tlakov\u00e1 strata<\/a><\/strong><\/p>\n<p style=\"margin: 0cm;\">Dimenzovanie pre kvapaliny\u00a0 <strong><a style=\"color: #ff0000;\" href=\"https:\/\/www.classicfilters.com\/pdf\/CF2.1\/034_Liquid_Flow_Rates_SS.pdf\" target=\"_blank\" rel=\"noopener noreferrer\">prietok, tlakov\u00e1 strata<\/a><\/strong><\/p>\n","protected":false},"featured_media":3064,"template":"","meta":{"_monsterinsights_skip_tracking":false,"_monsterinsights_sitenote_active":false,"_monsterinsights_sitenote_note":"","_monsterinsights_sitenote_category":0,"spay_email":""},"product_cat":[54,156],"product_tag":[],"class_list":["post-3087","product","type-product","status-publish","has-post-thumbnail","hentry","product_cat-elements","product_cat-nerezove-sinter-5vrstiev","pa_filtration-grade-ss-grade-s1","pa_filtration-grade-ss-grade-s2","pa_filtration-grade-ss-grade-s5","pa_filtration-grade-ss-grade-s10","pa_filtration-grade-ss-grade-s20","pa_filtration-grade-ss-grade-s40","pa_filtration-grade-ss-grade-100","pa_filtration-grade-ss-grade-250","pa_grade-micro-1","pa_grade-micro-2","pa_grade-micro-5","pa_grade-micro-10","pa_grade-micro-20","pa_grade-micro-40","pa_grade-micro-100","pa_grade-micro-200","pa_material-ss-316l","pa_material-tesnenie-tesnenie-viton","pa_material-tesnenie-tesnenie-epdm","pa_material-tesnenie-tesnenie-ptfe","pa_material-tesnenie-tesnenie-med","pa_teplota-temp-150","pa_teplota-temp-200","pa_teplota-temp-480","pa_velkost-elementu-element-38-152"],"yoast_head":"<!-- This site is optimized with the Yoast SEO Premium plugin v18.1 (Yoast SEO v18.2) - https:\/\/yoast.com\/wordpress\/plugins\/seo\/ -->\n<title>38.152.S\u2022\u2022 Filter sintrovan\u00fd nerez - 3dsro<\/title>\n<meta name=\"description\" content=\"Filtra\u010dn\u00e9 prvky z nehrdzavej\u00facej ocele sa skladaj\u00fa z piatich vrstiev 316L sie\u0165oviny, ktor\u00e9 s\u00fa spolu spekan\u00e9 na vytvorenie integrovan\u00e9ho p\u00f3rovit\u00e9ho prierezu.\" \/>\n<meta name=\"robots\" content=\"index, follow, max-snippet:-1, max-image-preview:large, max-video-preview:-1\" \/>\n<link rel=\"canonical\" href=\"https:\/\/www.3dsro.sk\/wp1\/obchod\/38-152-s-filter-sintrovany-nerez\/\" \/>\n<meta property=\"og:locale\" content=\"sk_SK\" \/>\n<meta property=\"og:type\" content=\"article\" \/>\n<meta property=\"og:title\" content=\"38.152.S\u2022\u2022 Filter sintrovan\u00fd nerez\" \/>\n<meta property=\"og:description\" content=\"Filtra\u010dn\u00e9 prvky z nehrdzavej\u00facej ocele sa skladaj\u00fa z piatich vrstiev 316L sie\u0165oviny, ktor\u00e9 s\u00fa spolu spekan\u00e9 na vytvorenie integrovan\u00e9ho p\u00f3rovit\u00e9ho prierezu.\" \/>\n<meta property=\"og:url\" content=\"https:\/\/www.3dsro.sk\/wp1\/obchod\/38-152-s-filter-sintrovany-nerez\/\" \/>\n<meta property=\"og:site_name\" content=\"3dsro\" \/>\n<meta property=\"article:modified_time\" content=\"2025-03-24T17:45:02+00:00\" \/>\n<meta property=\"og:image\" content=\"https:\/\/www.3dsro.sk\/wp1\/wp-content\/uploads\/2021\/11\/01-nerez-5-vrstiev.jpg\" \/>\n\t<meta property=\"og:image:width\" content=\"1000\" \/>\n\t<meta property=\"og:image:height\" content=\"1000\" \/>\n\t<meta property=\"og:image:type\" content=\"image\/jpeg\" \/>\n<meta name=\"twitter:card\" content=\"summary_large_image\" \/>\n<meta name=\"twitter:label1\" content=\"Availability\" \/>\n\t<meta name=\"twitter:data1\" content=\"On backorder\" \/>\n<script type=\"application\/ld+json\" class=\"yoast-schema-graph\">{\"@context\":\"https:\/\/schema.org\",\"@graph\":[{\"@type\":\"Organization\",\"@id\":\"https:\/\/www.3dsro.sk\/wp1\/#organization\",\"name\":\"3D s.r.o.\",\"url\":\"https:\/\/www.3dsro.sk\/wp1\/\",\"sameAs\":[],\"logo\":{\"@type\":\"ImageObject\",\"@id\":\"https:\/\/www.3dsro.sk\/wp1\/#logo\",\"inLanguage\":\"sk-SK\",\"url\":\"https:\/\/www.3dsro.sk\/wp1\/wp-content\/uploads\/2020\/04\/logo-png-transp_300.png\",\"contentUrl\":\"https:\/\/www.3dsro.sk\/wp1\/wp-content\/uploads\/2020\/04\/logo-png-transp_300.png\",\"width\":300,\"height\":47,\"caption\":\"3D s.r.o.\"},\"image\":{\"@id\":\"https:\/\/www.3dsro.sk\/wp1\/#logo\"}},{\"@type\":\"WebSite\",\"@id\":\"https:\/\/www.3dsro.sk\/wp1\/#website\",\"url\":\"https:\/\/www.3dsro.sk\/wp1\/\",\"name\":\"3dsro\",\"description\":\"Process automation Robotics, Process Measurement, Control Systems\",\"publisher\":{\"@id\":\"https:\/\/www.3dsro.sk\/wp1\/#organization\"},\"potentialAction\":[{\"@type\":\"SearchAction\",\"target\":{\"@type\":\"EntryPoint\",\"urlTemplate\":\"https:\/\/www.3dsro.sk\/wp1\/?s={search_term_string}\"},\"query-input\":\"required name=search_term_string\"}],\"inLanguage\":\"sk-SK\"},{\"@type\":\"ImageObject\",\"@id\":\"https:\/\/www.3dsro.sk\/wp1\/obchod\/38-152-s-filter-sintrovany-nerez\/#primaryimage\",\"inLanguage\":\"sk-SK\",\"url\":\"https:\/\/www.3dsro.sk\/wp1\/wp-content\/uploads\/2021\/11\/01-nerez-5-vrstiev.jpg\",\"contentUrl\":\"https:\/\/www.3dsro.sk\/wp1\/wp-content\/uploads\/2021\/11\/01-nerez-5-vrstiev.jpg\",\"width\":1000,\"height\":1000,\"caption\":\"nerezov\u00fd element filter\"},{\"@type\":\"WebPage\",\"@id\":\"https:\/\/www.3dsro.sk\/wp1\/obchod\/38-152-s-filter-sintrovany-nerez\/#webpage\",\"url\":\"https:\/\/www.3dsro.sk\/wp1\/obchod\/38-152-s-filter-sintrovany-nerez\/\",\"name\":\"38.152.S\u2022\u2022 Filter sintrovan\u00fd nerez - 3dsro\",\"isPartOf\":{\"@id\":\"https:\/\/www.3dsro.sk\/wp1\/#website\"},\"primaryImageOfPage\":{\"@id\":\"https:\/\/www.3dsro.sk\/wp1\/obchod\/38-152-s-filter-sintrovany-nerez\/#primaryimage\"},\"datePublished\":\"2021-11-27T20:16:05+00:00\",\"dateModified\":\"2025-03-24T17:45:02+00:00\",\"description\":\"Filtra\u010dn\u00e9 prvky z nehrdzavej\u00facej ocele sa skladaj\u00fa z piatich vrstiev 316L sie\u0165oviny, ktor\u00e9 s\u00fa spolu spekan\u00e9 na vytvorenie integrovan\u00e9ho p\u00f3rovit\u00e9ho prierezu.\",\"breadcrumb\":{\"@id\":\"https:\/\/www.3dsro.sk\/wp1\/obchod\/38-152-s-filter-sintrovany-nerez\/#breadcrumb\"},\"inLanguage\":\"sk-SK\",\"potentialAction\":[{\"@type\":\"ReadAction\",\"target\":[\"https:\/\/www.3dsro.sk\/wp1\/obchod\/38-152-s-filter-sintrovany-nerez\/\"]}]},{\"@type\":\"BreadcrumbList\",\"@id\":\"https:\/\/www.3dsro.sk\/wp1\/obchod\/38-152-s-filter-sintrovany-nerez\/#breadcrumb\",\"itemListElement\":[{\"@type\":\"ListItem\",\"position\":1,\"name\":\"Home\",\"item\":\"https:\/\/www.3dsro.sk\/wp1\/\"},{\"@type\":\"ListItem\",\"position\":2,\"name\":\"Obchod\",\"item\":\"https:\/\/www.3dsro.sk\/wp1\/obchod\/\"},{\"@type\":\"ListItem\",\"position\":3,\"name\":\"38.152.S\u2022\u2022 Filter sintrovan\u00fd nerez\"}]}]}<\/script>\n<meta property=\"og:availability\" content=\"backorder\" \/>\n<meta property=\"product:availability\" content=\"available for order\" \/>\n<meta property=\"product:retailer_item_id\" content=\"38.152.S\u2022\u2022\" \/>\n<meta property=\"product:condition\" content=\"new\" \/>\n<!-- \/ Yoast SEO Premium plugin. -->","yoast_head_json":{"title":"38.152.S\u2022\u2022 Filter sintrovan\u00fd nerez - 3dsro","description":"Filtra\u010dn\u00e9 prvky z nehrdzavej\u00facej ocele sa skladaj\u00fa z piatich vrstiev 316L sie\u0165oviny, ktor\u00e9 s\u00fa spolu spekan\u00e9 na vytvorenie integrovan\u00e9ho p\u00f3rovit\u00e9ho prierezu.","robots":{"index":"index","follow":"follow","max-snippet":"max-snippet:-1","max-image-preview":"max-image-preview:large","max-video-preview":"max-video-preview:-1"},"canonical":"https:\/\/www.3dsro.sk\/wp1\/obchod\/38-152-s-filter-sintrovany-nerez\/","og_locale":"sk_SK","og_type":"article","og_title":"38.152.S\u2022\u2022 Filter sintrovan\u00fd nerez","og_description":"Filtra\u010dn\u00e9 prvky z nehrdzavej\u00facej ocele sa skladaj\u00fa z piatich vrstiev 316L sie\u0165oviny, ktor\u00e9 s\u00fa spolu spekan\u00e9 na vytvorenie integrovan\u00e9ho p\u00f3rovit\u00e9ho prierezu.","og_url":"https:\/\/www.3dsro.sk\/wp1\/obchod\/38-152-s-filter-sintrovany-nerez\/","og_site_name":"3dsro","article_modified_time":"2025-03-24T17:45:02+00:00","og_image":[{"width":1000,"height":1000,"url":"https:\/\/www.3dsro.sk\/wp1\/wp-content\/uploads\/2021\/11\/01-nerez-5-vrstiev.jpg","type":"image\/jpeg"}],"twitter_card":"summary_large_image","twitter_misc":{"Availability":"On backorder"},"schema":{"@context":"https:\/\/schema.org","@graph":[{"@type":"Organization","@id":"https:\/\/www.3dsro.sk\/wp1\/#organization","name":"3D s.r.o.","url":"https:\/\/www.3dsro.sk\/wp1\/","sameAs":[],"logo":{"@type":"ImageObject","@id":"https:\/\/www.3dsro.sk\/wp1\/#logo","inLanguage":"sk-SK","url":"https:\/\/www.3dsro.sk\/wp1\/wp-content\/uploads\/2020\/04\/logo-png-transp_300.png","contentUrl":"https:\/\/www.3dsro.sk\/wp1\/wp-content\/uploads\/2020\/04\/logo-png-transp_300.png","width":300,"height":47,"caption":"3D s.r.o."},"image":{"@id":"https:\/\/www.3dsro.sk\/wp1\/#logo"}},{"@type":"WebSite","@id":"https:\/\/www.3dsro.sk\/wp1\/#website","url":"https:\/\/www.3dsro.sk\/wp1\/","name":"3dsro","description":"Process automation Robotics, Process Measurement, Control Systems","publisher":{"@id":"https:\/\/www.3dsro.sk\/wp1\/#organization"},"potentialAction":[{"@type":"SearchAction","target":{"@type":"EntryPoint","urlTemplate":"https:\/\/www.3dsro.sk\/wp1\/?s={search_term_string}"},"query-input":"required name=search_term_string"}],"inLanguage":"sk-SK"},{"@type":"ImageObject","@id":"https:\/\/www.3dsro.sk\/wp1\/obchod\/38-152-s-filter-sintrovany-nerez\/#primaryimage","inLanguage":"sk-SK","url":"https:\/\/www.3dsro.sk\/wp1\/wp-content\/uploads\/2021\/11\/01-nerez-5-vrstiev.jpg","contentUrl":"https:\/\/www.3dsro.sk\/wp1\/wp-content\/uploads\/2021\/11\/01-nerez-5-vrstiev.jpg","width":1000,"height":1000,"caption":"nerezov\u00fd element filter"},{"@type":"WebPage","@id":"https:\/\/www.3dsro.sk\/wp1\/obchod\/38-152-s-filter-sintrovany-nerez\/#webpage","url":"https:\/\/www.3dsro.sk\/wp1\/obchod\/38-152-s-filter-sintrovany-nerez\/","name":"38.152.S\u2022\u2022 Filter sintrovan\u00fd nerez - 3dsro","isPartOf":{"@id":"https:\/\/www.3dsro.sk\/wp1\/#website"},"primaryImageOfPage":{"@id":"https:\/\/www.3dsro.sk\/wp1\/obchod\/38-152-s-filter-sintrovany-nerez\/#primaryimage"},"datePublished":"2021-11-27T20:16:05+00:00","dateModified":"2025-03-24T17:45:02+00:00","description":"Filtra\u010dn\u00e9 prvky z nehrdzavej\u00facej ocele sa skladaj\u00fa z piatich vrstiev 316L sie\u0165oviny, ktor\u00e9 s\u00fa spolu spekan\u00e9 na vytvorenie integrovan\u00e9ho p\u00f3rovit\u00e9ho prierezu.","breadcrumb":{"@id":"https:\/\/www.3dsro.sk\/wp1\/obchod\/38-152-s-filter-sintrovany-nerez\/#breadcrumb"},"inLanguage":"sk-SK","potentialAction":[{"@type":"ReadAction","target":["https:\/\/www.3dsro.sk\/wp1\/obchod\/38-152-s-filter-sintrovany-nerez\/"]}]},{"@type":"BreadcrumbList","@id":"https:\/\/www.3dsro.sk\/wp1\/obchod\/38-152-s-filter-sintrovany-nerez\/#breadcrumb","itemListElement":[{"@type":"ListItem","position":1,"name":"Home","item":"https:\/\/www.3dsro.sk\/wp1\/"},{"@type":"ListItem","position":2,"name":"Obchod","item":"https:\/\/www.3dsro.sk\/wp1\/obchod\/"},{"@type":"ListItem","position":3,"name":"38.152.S\u2022\u2022 Filter sintrovan\u00fd nerez"}]}]},"og_availability":"backorder","product_availability":"available for order","product_retailer_item_id":"38.152.S\u2022\u2022","product_condition":"new"},"_links":{"self":[{"href":"https:\/\/www.3dsro.sk\/wp1\/wp-json\/wp\/v2\/product\/3087","targetHints":{"allow":["GET"]}}],"collection":[{"href":"https:\/\/www.3dsro.sk\/wp1\/wp-json\/wp\/v2\/product"}],"about":[{"href":"https:\/\/www.3dsro.sk\/wp1\/wp-json\/wp\/v2\/types\/product"}],"wp:featuredmedia":[{"embeddable":true,"href":"https:\/\/www.3dsro.sk\/wp1\/wp-json\/wp\/v2\/media\/3064"}],"wp:attachment":[{"href":"https:\/\/www.3dsro.sk\/wp1\/wp-json\/wp\/v2\/media?parent=3087"}],"wp:term":[{"taxonomy":"product_cat","embeddable":true,"href":"https:\/\/www.3dsro.sk\/wp1\/wp-json\/wp\/v2\/product_cat?post=3087"},{"taxonomy":"product_tag","embeddable":true,"href":"https:\/\/www.3dsro.sk\/wp1\/wp-json\/wp\/v2\/product_tag?post=3087"}],"curies":[{"name":"wp","href":"https:\/\/api.w.org\/{rel}","templated":true}]}}