{"id":2764,"date":"2021-11-26T21:03:37","date_gmt":"2021-11-26T20:03:37","guid":{"rendered":"https:\/\/www.3dsro.sk\/wp1\/?post_type=product&#038;p=2764"},"modified":"2025-03-24T18:48:22","modified_gmt":"2025-03-24T17:48:22","slug":"51-89-c-filtracny-element-koalescencny","status":"publish","type":"product","link":"https:\/\/www.3dsro.sk\/wp1\/obchod\/51-89-c-filtracny-element-koalescencny\/","title":{"rendered":"51.89.\u2022C\u2022 Filter jednorazov\u00fd koalescen\u010dn\u00fd"},"content":{"rendered":"<p style=\"margin: 0cm;\">Jednorazov\u00e9\u00a0 filtra\u010dn\u00e9 prvky s\u00fa vyroben\u00e9 zo zmesi mikrovl\u00e1kna borosilik\u00e1tov\u00e9ho skla a pojiva. Pon\u00fakaj\u00fa v\u00fdnimo\u010dn\u00fa \u00fa\u010dinnos\u0165 filtr\u00e1cie pri ve\u013emi n\u00edzkych tlakov\u00fdch strat\u00e1ch a z\u00e1rove\u0148 dlh\u00fa \u017eivotnos\u0165 filtra\u010dn\u00e9ho elementu.<\/p>\n<p>Pre jednor\u00e1zovn\u00e9 filtra\u010dn\u00e9 elementy sa nepou\u017e\u00edvaj\u00fa dodato\u010dn\u00e9 tesnenia a s\u00fa utesnen\u00e9 v tele filtra axi\u00e1lnym stla\u010den\u00edm.<\/p>\n<p><span style=\"color: #ff6600;\"><strong><a style=\"color: #ff6600;\" href=\"https:\/\/www.3dsro.sk\/wp1\/coalescing-filters\/\" target=\"_blank\" rel=\"noopener\">\u010cl\u00e1nok o princ\u00edpe koalescen\u010dnej filtr\u00e1cii<\/a><\/strong><\/span><\/p>\n<p><strong>Koalescen\u010dn\u00e9 filtrovanie<\/strong><br \/>\n<\/p>\n<div class=\"table-1\">\n<table width=\"100%\">\n<thead>\n<tr>\n<th align=\"left\">Ozna\u010denie<\/th>\n<th align=\"left\">Popis<\/th>\n<\/tr>\n<\/thead>\n<tbody>\n<tr>\n<td align=\"left\">CE<\/td>\n<td align=\"left\">Epoxid ester pojivo vhodn\u00e9 pre be\u017en\u00fa filtr\u00e1ciu pevn\u00fdch \u010dast\u00edc v aplik\u00e1ci\u00e1ch pre nekoroz\u00edvne plyny.<\/td>\n<\/tr>\n<tr>\n<td align=\"left\">CK<\/td>\n<td align=\"left\">PVDF pojivo m\u00e1 vynikaj\u00facu chemick\u00fa odolnos\u0165, pou\u017eitie s koroz\u00edvnymi plynmi a kvapalinami. Ve\u013emi n\u00edzka \u00farove\u0148 adsorpcie.<\/td>\n<\/tr>\n<tr>\n<td align=\"left\">CR<\/td>\n<td align=\"left\">PVDF pojivo\u00a0 s pridan\u00edm v\u00fdstu\u017eovacej sie\u0165oviny vlo\u017eenej do \u0161trukt\u00fary filtra<\/td>\n<\/tr>\n<tr>\n<td align=\"left\">CS<\/td>\n<td align=\"left\">Silik\u00e1tov\u00e9 pojivo je v\u00fdlu\u010dne anorganick\u00fd materi\u00e1l ur\u010den\u00fd pre vysok\u00e9 teploty a aplik\u00e1cie s pr\u00edtomnos\u0165ou rozp\u00fa\u0161\u0165adiel.<\/td>\n<\/tr>\n<tr>\n<td align=\"left\">W<\/td>\n<td align=\"left\">Silik\u00f3nov\u00e9 pojivo je hydrof\u00f3bne a zabra\u0148uje vyp\u013a\u0148aniu p\u00f3rov kondenz\u00e1tom. Maxim\u00e1lna teplota do 200\u00baC.<\/td>\n<\/tr>\n<\/tbody>\n<\/table>\n<p><\/p>\n<p>&nbsp;<\/p>\n<\/div>\n<p><img decoding=\"async\" class=\"alignnone size-full wp-image-2727\" src=\"https:\/\/www.3dsro.sk\/wp1\/wp-content\/uploads\/2021\/11\/coalescent_grade.png\" alt=\"\" width=\"1290\" height=\"350\" srcset=\"https:\/\/www.3dsro.sk\/wp1\/wp-content\/uploads\/2021\/11\/coalescent_grade-200x54.png 200w, https:\/\/www.3dsro.sk\/wp1\/wp-content\/uploads\/2021\/11\/coalescent_grade-300x81.png 300w, https:\/\/www.3dsro.sk\/wp1\/wp-content\/uploads\/2021\/11\/coalescent_grade-400x109.png 400w, https:\/\/www.3dsro.sk\/wp1\/wp-content\/uploads\/2021\/11\/coalescent_grade-500x136.png 500w, https:\/\/www.3dsro.sk\/wp1\/wp-content\/uploads\/2021\/11\/coalescent_grade-600x163.png 600w, https:\/\/www.3dsro.sk\/wp1\/wp-content\/uploads\/2021\/11\/coalescent_grade-700x190.png 700w, https:\/\/www.3dsro.sk\/wp1\/wp-content\/uploads\/2021\/11\/coalescent_grade-768x208.png 768w, https:\/\/www.3dsro.sk\/wp1\/wp-content\/uploads\/2021\/11\/coalescent_grade-800x217.png 800w, https:\/\/www.3dsro.sk\/wp1\/wp-content\/uploads\/2021\/11\/coalescent_grade-1024x278.png 1024w, https:\/\/www.3dsro.sk\/wp1\/wp-content\/uploads\/2021\/11\/coalescent_grade-1200x326.png 1200w, https:\/\/www.3dsro.sk\/wp1\/wp-content\/uploads\/2021\/11\/coalescent_grade.png 1290w\" sizes=\"(max-width: 1290px) 100vw, 1290px\" \/><\/p>\n","protected":false},"excerpt":{"rendered":"<p>Koalescen\u010dn\u00fd filter na jednorazov\u00e9 pou\u017eitie. Ur\u010den\u00e9 pre koalscen\u010dn\u00e9 filtrovanie plynov na oddelenie drobn\u00fdch kvap\u00f4\u010dok a aeorsolov z plynov. Z\u00e1rove\u0148 sl\u00fa\u017eia na filtrovanie pevn\u00fdch \u010dast\u00edc<\/p>\n<ul>\n<li>Koalescen\u010dn\u00e9 filtrovanie (oddelenie kondenz\u00e1tu a aerosolu kvapal\u00edn z plynov)<\/li>\n<\/ul>\n<p style=\"margin: 0cm;\">Dostupn\u00e9 v\u00a0materi\u00e1lovom preveden\u00ed pojiva:<\/p>\n<ul style=\"margin: 0cm;\">\n<li>Epoxy ester<\/li>\n<li>PVDF<\/li>\n<li>Silica<\/li>\n<\/ul>\n<p>V\u00fdber vhodn\u00e9ho pojiva je potrebn\u00e9 zvoli\u0165 pod\u013ea typu aplik\u00e1cie filtra a teploty filtrovan\u00e9ho plynu.<\/p>\n<p style=\"margin: 0cm;\">Jemnos\u0165, \u00fa\u010dinnos\u0165 a teplotn\u00e1 odolnos\u0165: <strong><a style=\"color: #ff0000;\" href=\"https:\/\/www.classicfilters.com\/pdf\/CF2.1\/022_Disposable_Element_Grades.pdf\" target=\"_blank\" rel=\"noopener noreferrer\">Stupe\u0148 a \u00fa\u010dinnos\u0165 filtr\u00e1cie <\/a><\/strong><\/p>\n<p style=\"margin: 0cm;\">Materi\u00e1l filtrov: <strong><a style=\"color: #ff0000;\" href=\"https:\/\/www.classicfilters.com\/pdf\/CF2.1\/021_Disposable_Element_Binders.pdf\" target=\"_blank\" rel=\"noopener noreferrer\">Jednor\u00e1zov\u00e9 elementy<\/a><\/strong><\/p>\n<p style=\"margin: 0cm;\">Tabu\u013eka rozmerov: <strong><a style=\"color: #ff0000;\" href=\"https:\/\/www.classicfilters.com\/pdf\/CF2.1\/022a_Disposable_Element_Tolerances.pdf\" target=\"_blank\" rel=\"noopener noreferrer\">Rozmery a toleranice<\/a><\/strong><\/p>\n<p style=\"margin: 0cm;\">Technick\u00e9 inform\u00e1cie k princ\u00edpu <strong><a style=\"color: #ff0000;\" href=\"https:\/\/www.classicfilters.com\/pdf\/CF2.1\/007_Particulate_and_Coalescing_Filtration.pdf\" target=\"_blank\" rel=\"noopener noreferrer\">filtrovania pevn\u00fdch \u010dast\u00ed a koalescen\u010dnej filtr\u00e1cie<\/a><\/strong><\/p>\n<p style=\"margin: 0cm;\">Inform\u00e1cia k \u0161pecifik\u00e1cii\u00a0 <strong><a style=\"color: #ff0000;\" href=\"https:\/\/www.classicfilters.com\/pdf\/CF2.1\/020a_Selecting_Filter_Elements.pdf\" target=\"_blank\" rel=\"noopener noreferrer\">filtra\u010dn\u00e9ho elementu<\/a><\/strong><\/p>\n<p style=\"margin: 0cm;\">Dimenzovanie\u00a0 <strong><a style=\"color: #ff0000;\" href=\"https:\/\/www.classicfilters.com\/pdf\/CF2.1\/031_Air_Flow_Rates_Disposable.pdf\" target=\"_blank\" rel=\"noopener noreferrer\">prietoku, tlakovej straty<\/a><\/strong><\/p>\n","protected":false},"featured_media":2710,"template":"","meta":{"_monsterinsights_skip_tracking":false,"_monsterinsights_sitenote_active":false,"_monsterinsights_sitenote_note":"","_monsterinsights_sitenote_category":0,"spay_email":""},"product_cat":[54,63],"product_tag":[],"class_list":["post-2764","product","type-product","status-publish","has-post-thumbnail","hentry","product_cat-elements","product_cat-jednorazove-filtracne-elementy","pa_filtration-grade-disp-filter-grade-disp-5-gas-aerosol","pa_filtration-grade-disp-filter-grade-disp-6-gas-aerosol","pa_filtration-grade-disp-filter-grade-disp-7-gas-aerosol","pa_filtration-grade-disp-filter-grade-disp-8-gas-aerosol","pa_grade-micro-001","pa_material-epoxy-ester","pa_material-pvdf","pa_material-silica","pa_material-elementu-epoxy-ester-coalescent","pa_material-elementu-pvdf-coalescent","pa_material-elementu-pvdf-reinforcment-coalescent","pa_material-elementu-silica-coalescent","pa_teplota-temp-150","pa_teplota-temp-200","pa_teplota-temp-500","pa_velkost-elementu-element-51-89"],"yoast_head":"<!-- This site is optimized with the Yoast SEO Premium plugin v18.1 (Yoast SEO v18.2) - https:\/\/yoast.com\/wordpress\/plugins\/seo\/ -->\n<title>51.89.\u2022C\u2022 Filter jednorazov\u00fd koalescen\u010dn\u00fd - 3dsro<\/title>\n<meta name=\"description\" content=\"Jednorazov\u00e9 koalescen\u010dn\u00e9 filtra\u010dn\u00e9 prvky s\u00fa vyroben\u00e9 zo zmesi mikrovl\u00e1kna borosilik\u00e1tov\u00e9ho skla a pojiva. Pon\u00fakaj\u00fa v\u00fdnimo\u010dn\u00fa \u00fa\u010dinnos\u0165 filtr\u00e1cie pri ve\u013emi n\u00edzkych tlakov\u00fdch strat\u00e1ch a z\u00e1rove\u0148 dlh\u00fa \u017eivotnos\u0165 filtra\u010dn\u00e9ho elementu.\" \/>\n<meta name=\"robots\" content=\"index, follow, max-snippet:-1, max-image-preview:large, max-video-preview:-1\" \/>\n<link rel=\"canonical\" href=\"https:\/\/www.3dsro.sk\/wp1\/obchod\/51-89-c-filtracny-element-koalescencny\/\" \/>\n<meta property=\"og:locale\" content=\"sk_SK\" \/>\n<meta property=\"og:type\" content=\"article\" \/>\n<meta property=\"og:title\" content=\"51.89.\u2022C\u2022 Filter jednorazov\u00fd koalescen\u010dn\u00fd\" \/>\n<meta property=\"og:description\" content=\"Jednorazov\u00e9 koalescen\u010dn\u00e9 filtra\u010dn\u00e9 prvky s\u00fa vyroben\u00e9 zo zmesi mikrovl\u00e1kna borosilik\u00e1tov\u00e9ho skla a pojiva. Pon\u00fakaj\u00fa v\u00fdnimo\u010dn\u00fa \u00fa\u010dinnos\u0165 filtr\u00e1cie pri ve\u013emi n\u00edzkych tlakov\u00fdch strat\u00e1ch a z\u00e1rove\u0148 dlh\u00fa \u017eivotnos\u0165 filtra\u010dn\u00e9ho elementu.\" \/>\n<meta property=\"og:url\" content=\"https:\/\/www.3dsro.sk\/wp1\/obchod\/51-89-c-filtracny-element-koalescencny\/\" \/>\n<meta property=\"og:site_name\" content=\"3dsro\" \/>\n<meta property=\"article:modified_time\" content=\"2025-03-24T17:48:22+00:00\" \/>\n<meta property=\"og:image\" content=\"https:\/\/www.3dsro.sk\/wp1\/wp-content\/uploads\/2021\/11\/01_Disposable_Element_Binders.png\" \/>\n\t<meta property=\"og:image:width\" content=\"712\" \/>\n\t<meta property=\"og:image:height\" content=\"712\" \/>\n\t<meta property=\"og:image:type\" content=\"image\/png\" \/>\n<meta name=\"twitter:card\" content=\"summary_large_image\" \/>\n<meta name=\"twitter:label1\" content=\"Availability\" \/>\n\t<meta name=\"twitter:data1\" content=\"On backorder\" \/>\n<script type=\"application\/ld+json\" class=\"yoast-schema-graph\">{\"@context\":\"https:\/\/schema.org\",\"@graph\":[{\"@type\":\"Organization\",\"@id\":\"https:\/\/www.3dsro.sk\/wp1\/#organization\",\"name\":\"3D s.r.o.\",\"url\":\"https:\/\/www.3dsro.sk\/wp1\/\",\"sameAs\":[],\"logo\":{\"@type\":\"ImageObject\",\"@id\":\"https:\/\/www.3dsro.sk\/wp1\/#logo\",\"inLanguage\":\"sk-SK\",\"url\":\"https:\/\/www.3dsro.sk\/wp1\/wp-content\/uploads\/2020\/04\/logo-png-transp_300.png\",\"contentUrl\":\"https:\/\/www.3dsro.sk\/wp1\/wp-content\/uploads\/2020\/04\/logo-png-transp_300.png\",\"width\":300,\"height\":47,\"caption\":\"3D s.r.o.\"},\"image\":{\"@id\":\"https:\/\/www.3dsro.sk\/wp1\/#logo\"}},{\"@type\":\"WebSite\",\"@id\":\"https:\/\/www.3dsro.sk\/wp1\/#website\",\"url\":\"https:\/\/www.3dsro.sk\/wp1\/\",\"name\":\"3dsro\",\"description\":\"Process automation Robotics, Process Measurement, Control Systems\",\"publisher\":{\"@id\":\"https:\/\/www.3dsro.sk\/wp1\/#organization\"},\"potentialAction\":[{\"@type\":\"SearchAction\",\"target\":{\"@type\":\"EntryPoint\",\"urlTemplate\":\"https:\/\/www.3dsro.sk\/wp1\/?s={search_term_string}\"},\"query-input\":\"required name=search_term_string\"}],\"inLanguage\":\"sk-SK\"},{\"@type\":\"ImageObject\",\"@id\":\"https:\/\/www.3dsro.sk\/wp1\/obchod\/51-89-c-filtracny-element-koalescencny\/#primaryimage\",\"inLanguage\":\"sk-SK\",\"url\":\"https:\/\/www.3dsro.sk\/wp1\/wp-content\/uploads\/2021\/11\/01_Disposable_Element_Binders.png\",\"contentUrl\":\"https:\/\/www.3dsro.sk\/wp1\/wp-content\/uploads\/2021\/11\/01_Disposable_Element_Binders.png\",\"width\":712,\"height\":712,\"caption\":\"jednorazovy filtracny element\"},{\"@type\":\"WebPage\",\"@id\":\"https:\/\/www.3dsro.sk\/wp1\/obchod\/51-89-c-filtracny-element-koalescencny\/#webpage\",\"url\":\"https:\/\/www.3dsro.sk\/wp1\/obchod\/51-89-c-filtracny-element-koalescencny\/\",\"name\":\"51.89.\u2022C\u2022 Filter jednorazov\u00fd koalescen\u010dn\u00fd - 3dsro\",\"isPartOf\":{\"@id\":\"https:\/\/www.3dsro.sk\/wp1\/#website\"},\"primaryImageOfPage\":{\"@id\":\"https:\/\/www.3dsro.sk\/wp1\/obchod\/51-89-c-filtracny-element-koalescencny\/#primaryimage\"},\"datePublished\":\"2021-11-26T20:03:37+00:00\",\"dateModified\":\"2025-03-24T17:48:22+00:00\",\"description\":\"Jednorazov\u00e9 koalescen\u010dn\u00e9 filtra\u010dn\u00e9 prvky s\u00fa vyroben\u00e9 zo zmesi mikrovl\u00e1kna borosilik\u00e1tov\u00e9ho skla a pojiva. Pon\u00fakaj\u00fa v\u00fdnimo\u010dn\u00fa \u00fa\u010dinnos\u0165 filtr\u00e1cie pri ve\u013emi n\u00edzkych tlakov\u00fdch strat\u00e1ch a z\u00e1rove\u0148 dlh\u00fa \u017eivotnos\u0165 filtra\u010dn\u00e9ho elementu.\",\"breadcrumb\":{\"@id\":\"https:\/\/www.3dsro.sk\/wp1\/obchod\/51-89-c-filtracny-element-koalescencny\/#breadcrumb\"},\"inLanguage\":\"sk-SK\",\"potentialAction\":[{\"@type\":\"ReadAction\",\"target\":[\"https:\/\/www.3dsro.sk\/wp1\/obchod\/51-89-c-filtracny-element-koalescencny\/\"]}]},{\"@type\":\"BreadcrumbList\",\"@id\":\"https:\/\/www.3dsro.sk\/wp1\/obchod\/51-89-c-filtracny-element-koalescencny\/#breadcrumb\",\"itemListElement\":[{\"@type\":\"ListItem\",\"position\":1,\"name\":\"Home\",\"item\":\"https:\/\/www.3dsro.sk\/wp1\/\"},{\"@type\":\"ListItem\",\"position\":2,\"name\":\"Obchod\",\"item\":\"https:\/\/www.3dsro.sk\/wp1\/obchod\/\"},{\"@type\":\"ListItem\",\"position\":3,\"name\":\"51.89.\u2022C\u2022 Filter jednorazov\u00fd koalescen\u010dn\u00fd\"}]}]}<\/script>\n<meta property=\"og:availability\" content=\"backorder\" \/>\n<meta property=\"product:availability\" content=\"available for order\" \/>\n<meta property=\"product:retailer_item_id\" content=\"51.89.\u2022C\u2022\" \/>\n<meta property=\"product:condition\" content=\"new\" \/>\n<!-- \/ Yoast SEO Premium plugin. -->","yoast_head_json":{"title":"51.89.\u2022C\u2022 Filter jednorazov\u00fd koalescen\u010dn\u00fd - 3dsro","description":"Jednorazov\u00e9 koalescen\u010dn\u00e9 filtra\u010dn\u00e9 prvky s\u00fa vyroben\u00e9 zo zmesi mikrovl\u00e1kna borosilik\u00e1tov\u00e9ho skla a pojiva. Pon\u00fakaj\u00fa v\u00fdnimo\u010dn\u00fa \u00fa\u010dinnos\u0165 filtr\u00e1cie pri ve\u013emi n\u00edzkych tlakov\u00fdch strat\u00e1ch a z\u00e1rove\u0148 dlh\u00fa \u017eivotnos\u0165 filtra\u010dn\u00e9ho elementu.","robots":{"index":"index","follow":"follow","max-snippet":"max-snippet:-1","max-image-preview":"max-image-preview:large","max-video-preview":"max-video-preview:-1"},"canonical":"https:\/\/www.3dsro.sk\/wp1\/obchod\/51-89-c-filtracny-element-koalescencny\/","og_locale":"sk_SK","og_type":"article","og_title":"51.89.\u2022C\u2022 Filter jednorazov\u00fd koalescen\u010dn\u00fd","og_description":"Jednorazov\u00e9 koalescen\u010dn\u00e9 filtra\u010dn\u00e9 prvky s\u00fa vyroben\u00e9 zo zmesi mikrovl\u00e1kna borosilik\u00e1tov\u00e9ho skla a pojiva. Pon\u00fakaj\u00fa v\u00fdnimo\u010dn\u00fa \u00fa\u010dinnos\u0165 filtr\u00e1cie pri ve\u013emi n\u00edzkych tlakov\u00fdch strat\u00e1ch a z\u00e1rove\u0148 dlh\u00fa \u017eivotnos\u0165 filtra\u010dn\u00e9ho elementu.","og_url":"https:\/\/www.3dsro.sk\/wp1\/obchod\/51-89-c-filtracny-element-koalescencny\/","og_site_name":"3dsro","article_modified_time":"2025-03-24T17:48:22+00:00","og_image":[{"width":712,"height":712,"url":"https:\/\/www.3dsro.sk\/wp1\/wp-content\/uploads\/2021\/11\/01_Disposable_Element_Binders.png","type":"image\/png"}],"twitter_card":"summary_large_image","twitter_misc":{"Availability":"On backorder"},"schema":{"@context":"https:\/\/schema.org","@graph":[{"@type":"Organization","@id":"https:\/\/www.3dsro.sk\/wp1\/#organization","name":"3D s.r.o.","url":"https:\/\/www.3dsro.sk\/wp1\/","sameAs":[],"logo":{"@type":"ImageObject","@id":"https:\/\/www.3dsro.sk\/wp1\/#logo","inLanguage":"sk-SK","url":"https:\/\/www.3dsro.sk\/wp1\/wp-content\/uploads\/2020\/04\/logo-png-transp_300.png","contentUrl":"https:\/\/www.3dsro.sk\/wp1\/wp-content\/uploads\/2020\/04\/logo-png-transp_300.png","width":300,"height":47,"caption":"3D s.r.o."},"image":{"@id":"https:\/\/www.3dsro.sk\/wp1\/#logo"}},{"@type":"WebSite","@id":"https:\/\/www.3dsro.sk\/wp1\/#website","url":"https:\/\/www.3dsro.sk\/wp1\/","name":"3dsro","description":"Process automation Robotics, Process Measurement, Control Systems","publisher":{"@id":"https:\/\/www.3dsro.sk\/wp1\/#organization"},"potentialAction":[{"@type":"SearchAction","target":{"@type":"EntryPoint","urlTemplate":"https:\/\/www.3dsro.sk\/wp1\/?s={search_term_string}"},"query-input":"required name=search_term_string"}],"inLanguage":"sk-SK"},{"@type":"ImageObject","@id":"https:\/\/www.3dsro.sk\/wp1\/obchod\/51-89-c-filtracny-element-koalescencny\/#primaryimage","inLanguage":"sk-SK","url":"https:\/\/www.3dsro.sk\/wp1\/wp-content\/uploads\/2021\/11\/01_Disposable_Element_Binders.png","contentUrl":"https:\/\/www.3dsro.sk\/wp1\/wp-content\/uploads\/2021\/11\/01_Disposable_Element_Binders.png","width":712,"height":712,"caption":"jednorazovy filtracny element"},{"@type":"WebPage","@id":"https:\/\/www.3dsro.sk\/wp1\/obchod\/51-89-c-filtracny-element-koalescencny\/#webpage","url":"https:\/\/www.3dsro.sk\/wp1\/obchod\/51-89-c-filtracny-element-koalescencny\/","name":"51.89.\u2022C\u2022 Filter jednorazov\u00fd koalescen\u010dn\u00fd - 3dsro","isPartOf":{"@id":"https:\/\/www.3dsro.sk\/wp1\/#website"},"primaryImageOfPage":{"@id":"https:\/\/www.3dsro.sk\/wp1\/obchod\/51-89-c-filtracny-element-koalescencny\/#primaryimage"},"datePublished":"2021-11-26T20:03:37+00:00","dateModified":"2025-03-24T17:48:22+00:00","description":"Jednorazov\u00e9 koalescen\u010dn\u00e9 filtra\u010dn\u00e9 prvky s\u00fa vyroben\u00e9 zo zmesi mikrovl\u00e1kna borosilik\u00e1tov\u00e9ho skla a pojiva. Pon\u00fakaj\u00fa v\u00fdnimo\u010dn\u00fa \u00fa\u010dinnos\u0165 filtr\u00e1cie pri ve\u013emi n\u00edzkych tlakov\u00fdch strat\u00e1ch a z\u00e1rove\u0148 dlh\u00fa \u017eivotnos\u0165 filtra\u010dn\u00e9ho elementu.","breadcrumb":{"@id":"https:\/\/www.3dsro.sk\/wp1\/obchod\/51-89-c-filtracny-element-koalescencny\/#breadcrumb"},"inLanguage":"sk-SK","potentialAction":[{"@type":"ReadAction","target":["https:\/\/www.3dsro.sk\/wp1\/obchod\/51-89-c-filtracny-element-koalescencny\/"]}]},{"@type":"BreadcrumbList","@id":"https:\/\/www.3dsro.sk\/wp1\/obchod\/51-89-c-filtracny-element-koalescencny\/#breadcrumb","itemListElement":[{"@type":"ListItem","position":1,"name":"Home","item":"https:\/\/www.3dsro.sk\/wp1\/"},{"@type":"ListItem","position":2,"name":"Obchod","item":"https:\/\/www.3dsro.sk\/wp1\/obchod\/"},{"@type":"ListItem","position":3,"name":"51.89.\u2022C\u2022 Filter jednorazov\u00fd koalescen\u010dn\u00fd"}]}]},"og_availability":"backorder","product_availability":"available for order","product_retailer_item_id":"51.89.\u2022C\u2022","product_condition":"new"},"_links":{"self":[{"href":"https:\/\/www.3dsro.sk\/wp1\/wp-json\/wp\/v2\/product\/2764","targetHints":{"allow":["GET"]}}],"collection":[{"href":"https:\/\/www.3dsro.sk\/wp1\/wp-json\/wp\/v2\/product"}],"about":[{"href":"https:\/\/www.3dsro.sk\/wp1\/wp-json\/wp\/v2\/types\/product"}],"wp:featuredmedia":[{"embeddable":true,"href":"https:\/\/www.3dsro.sk\/wp1\/wp-json\/wp\/v2\/media\/2710"}],"wp:attachment":[{"href":"https:\/\/www.3dsro.sk\/wp1\/wp-json\/wp\/v2\/media?parent=2764"}],"wp:term":[{"taxonomy":"product_cat","embeddable":true,"href":"https:\/\/www.3dsro.sk\/wp1\/wp-json\/wp\/v2\/product_cat?post=2764"},{"taxonomy":"product_tag","embeddable":true,"href":"https:\/\/www.3dsro.sk\/wp1\/wp-json\/wp\/v2\/product_tag?post=2764"}],"curies":[{"name":"wp","href":"https:\/\/api.w.org\/{rel}","templated":true}]}}