{"id":2724,"date":"2021-11-26T19:13:36","date_gmt":"2021-11-26T18:13:36","guid":{"rendered":"https:\/\/www.3dsro.sk\/wp1\/?post_type=product&#038;p=2724"},"modified":"2025-03-24T18:49:23","modified_gmt":"2025-03-24T17:49:23","slug":"10-32-filtracny-element-jednorazovy","status":"publish","type":"product","link":"https:\/\/www.3dsro.sk\/wp1\/obchod\/10-32-filtracny-element-jednorazovy\/","title":{"rendered":"10.32.\u2022\u2022 Filter jednorazov\u00fd"},"content":{"rendered":"<p>Jednorazov\u00e9\u00a0 filtra\u010dn\u00e9 prvky s\u00fa vyroben\u00e9 zo zmesi mikrovl\u00e1kna borosilik\u00e1tov\u00e9ho skla a pojiva. Pon\u00fakaj\u00fa v\u00fdnimo\u010dn\u00fa \u00fa\u010dinnos\u0165 filtr\u00e1cie pri ve\u013emi n\u00edzkych tlakov\u00fdch strat\u00e1ch a z\u00e1rove\u0148 dlh\u00fa \u017eivotnos\u0165 filtra\u010dn\u00e9ho elementu.<\/p>\n<p>Filtra\u010dn\u00e9 elementy s\u00fa samotesniace, utesnen\u00e9 v tele filtra axi\u00e1lnym stla\u010den\u00edm.<\/p>\n<p><strong>Filtrovanie pevn\u00fdch \u010dast\u00edc<\/strong><\/p>\n<\/p>\n<div class=\"table-1\">\n<table width=\"100%\">\n<thead>\n<tr>\n<th align=\"left\">Ozna\u010denie<\/th>\n<th align=\"left\">Popis<\/th>\n<\/tr>\n<\/thead>\n<tbody>\n<tr>\n<td align=\"left\">E<\/td>\n<td align=\"left\">Epoxy ester pojivo vhodn\u00e9 pre be\u017en\u00fa filtr\u00e1ciu pevn\u00fdch \u010dast\u00edc v aplik\u00e1ci\u00e1ch pre nekoroz\u00edvne plyny a kvapaliny.<\/td>\n<\/tr>\n<tr>\n<td align=\"left\">K<\/td>\n<td align=\"left\">PVDF pojivo m\u00e1 vynikaj\u00facu chemick\u00fa odolnos\u0165, pou\u017eitie s koroz\u00edvnymi plynmi a kvapalinami. Ve\u013emi n\u00edzka \u00farove\u0148 adsorpcie.<\/td>\n<\/tr>\n<tr>\n<td align=\"left\">S<\/td>\n<td align=\"left\">Silik\u00e1tov\u00e9 pojivo je v\u00fdlu\u010dne anorganick\u00fd materi\u00e1l ur\u010den\u00fd pre vysok\u00e9 teploty a aplik\u00e1cie s pr\u00edtomnos\u0165ou rozp\u00fa\u0161\u0165adiel.<\/td>\n<\/tr>\n<tr>\n<td align=\"left\">L<\/td>\n<td align=\"left\">Silik\u00f3nov\u00e9 pojivo je hydrof\u00f3bne a zabra\u0148uje vyp\u013a\u0148aniu p\u00f3rov kondenz\u00e1tom. Maxim\u00e1lna teplota do 200\u00baC.<\/td>\n<\/tr>\n<\/tbody>\n<\/table>\n<\/div>\n<p>\n<p>&nbsp;<\/p>\n<p><img decoding=\"async\" class=\"alignnone size-full wp-image-2789\" src=\"https:\/\/www.3dsro.sk\/wp1\/wp-content\/uploads\/2021\/11\/particular_grade-1.png\" alt=\"\" width=\"1288\" height=\"344\" srcset=\"https:\/\/www.3dsro.sk\/wp1\/wp-content\/uploads\/2021\/11\/particular_grade-1-200x53.png 200w, https:\/\/www.3dsro.sk\/wp1\/wp-content\/uploads\/2021\/11\/particular_grade-1-300x80.png 300w, https:\/\/www.3dsro.sk\/wp1\/wp-content\/uploads\/2021\/11\/particular_grade-1-400x107.png 400w, https:\/\/www.3dsro.sk\/wp1\/wp-content\/uploads\/2021\/11\/particular_grade-1-500x134.png 500w, https:\/\/www.3dsro.sk\/wp1\/wp-content\/uploads\/2021\/11\/particular_grade-1-600x160.png 600w, https:\/\/www.3dsro.sk\/wp1\/wp-content\/uploads\/2021\/11\/particular_grade-1-700x187.png 700w, https:\/\/www.3dsro.sk\/wp1\/wp-content\/uploads\/2021\/11\/particular_grade-1-768x205.png 768w, https:\/\/www.3dsro.sk\/wp1\/wp-content\/uploads\/2021\/11\/particular_grade-1-800x214.png 800w, https:\/\/www.3dsro.sk\/wp1\/wp-content\/uploads\/2021\/11\/particular_grade-1-1024x273.png 1024w, https:\/\/www.3dsro.sk\/wp1\/wp-content\/uploads\/2021\/11\/particular_grade-1-1200x320.png 1200w, https:\/\/www.3dsro.sk\/wp1\/wp-content\/uploads\/2021\/11\/particular_grade-1.png 1288w\" sizes=\"(max-width: 1288px) 100vw, 1288px\" \/> <img decoding=\"async\" class=\"alignnone size-full wp-image-2791\" src=\"https:\/\/www.3dsro.sk\/wp1\/wp-content\/uploads\/2021\/11\/particular_grade-2.png\" alt=\"\" width=\"1290\" height=\"259\" srcset=\"https:\/\/www.3dsro.sk\/wp1\/wp-content\/uploads\/2021\/11\/particular_grade-2-200x40.png 200w, https:\/\/www.3dsro.sk\/wp1\/wp-content\/uploads\/2021\/11\/particular_grade-2-300x60.png 300w, https:\/\/www.3dsro.sk\/wp1\/wp-content\/uploads\/2021\/11\/particular_grade-2-400x80.png 400w, https:\/\/www.3dsro.sk\/wp1\/wp-content\/uploads\/2021\/11\/particular_grade-2-500x100.png 500w, https:\/\/www.3dsro.sk\/wp1\/wp-content\/uploads\/2021\/11\/particular_grade-2-600x120.png 600w, https:\/\/www.3dsro.sk\/wp1\/wp-content\/uploads\/2021\/11\/particular_grade-2-700x141.png 700w, https:\/\/www.3dsro.sk\/wp1\/wp-content\/uploads\/2021\/11\/particular_grade-2-768x154.png 768w, https:\/\/www.3dsro.sk\/wp1\/wp-content\/uploads\/2021\/11\/particular_grade-2-800x161.png 800w, https:\/\/www.3dsro.sk\/wp1\/wp-content\/uploads\/2021\/11\/particular_grade-2-1024x206.png 1024w, https:\/\/www.3dsro.sk\/wp1\/wp-content\/uploads\/2021\/11\/particular_grade-2-1200x241.png 1200w, https:\/\/www.3dsro.sk\/wp1\/wp-content\/uploads\/2021\/11\/particular_grade-2.png 1290w\" sizes=\"(max-width: 1290px) 100vw, 1290px\" \/><\/p>\n","protected":false},"excerpt":{"rendered":"<ul>\n<li>Filtrovanie pevn\u00fdch \u010dast\u00edc<\/li>\n<\/ul>\n<p style=\"margin: 0cm;\">Dostupn\u00e9 v\u00a0materi\u00e1lovom preveden\u00ed pojiva:<\/p>\n<ul style=\"margin: 0cm;\">\n<li>Epoxy ester<\/li>\n<li>PVDF<\/li>\n<li>Silica<\/li>\n<li>Silik\u00f3n<\/li>\n<\/ul>\n<p>V\u00fdber vhodn\u00e9ho pojiva je potrebn\u00e9 zvoli\u0165 pod\u013ea typu aplik\u00e1cie filtra.<\/p>\n<p style=\"margin: 0cm;\">Jemnos\u0165, \u00fa\u010dinnos\u0165 a teplotn\u00e1 odolnos\u0165: <strong><a style=\"color: #ff0000;\" href=\"https:\/\/www.classicfilters.com\/pdf\/CF2.1\/022_Disposable_Element_Grades.pdf\" target=\"_blank\" rel=\"noopener noreferrer\">Stupe\u0148 a \u00fa\u010dinnos\u0165 filtr\u00e1cie <\/a><\/strong><\/p>\n<p style=\"margin: 0cm;\">Materi\u00e1l filtrov: <strong><a style=\"color: #ff0000;\" href=\"https:\/\/www.classicfilters.com\/pdf\/CF2.1\/021_Disposable_Element_Binders.pdf\" target=\"_blank\" rel=\"noopener noreferrer\">Jednor\u00e1zov\u00e9 elementy<\/a><\/strong><\/p>\n<p style=\"margin: 0cm;\">Tabu\u013eka rozmerov: <strong><a style=\"color: #ff0000;\" href=\"https:\/\/www.classicfilters.com\/pdf\/CF2.1\/022a_Disposable_Element_Tolerances.pdf\" target=\"_blank\" rel=\"noopener noreferrer\">Rozmery a toleranice<\/a><\/strong><\/p>\n<p style=\"margin: 0cm;\">Technick\u00e9 inform\u00e1cie k princ\u00edpu <strong><a style=\"color: #ff0000;\" href=\"https:\/\/www.classicfilters.com\/pdf\/CF2.1\/007_Particulate_and_Coalescing_Filtration.pdf\" target=\"_blank\" rel=\"noopener noreferrer\">filtrovania pevn\u00fdch \u010dast\u00ed a koalescen\u010dnej filtr\u00e1cie<\/a><\/strong><\/p>\n<p style=\"margin: 0cm;\">Inform\u00e1cia k \u0161pecifik\u00e1cii\u00a0 <strong><a style=\"color: #ff0000;\" href=\"https:\/\/www.classicfilters.com\/pdf\/CF2.1\/020a_Selecting_Filter_Elements.pdf\" target=\"_blank\" rel=\"noopener noreferrer\">filtra\u010dn\u00e9ho elementu<\/a><\/strong><\/p>\n<p style=\"margin: 0cm;\">Dimenzovanie\u00a0 <strong><a style=\"color: #ff0000;\" href=\"https:\/\/www.classicfilters.com\/pdf\/CF2.1\/031_Air_Flow_Rates_Disposable.pdf\" target=\"_blank\" rel=\"noopener noreferrer\">prietoku, tlakovej straty<\/a><\/strong><\/p>\n","protected":false},"featured_media":2786,"template":"","meta":{"_monsterinsights_skip_tracking":false,"_monsterinsights_sitenote_active":false,"_monsterinsights_sitenote_note":"","_monsterinsights_sitenote_category":0,"spay_email":""},"product_cat":[54,124],"product_tag":[],"class_list":["post-2724","product","type-product","status-publish","has-post-thumbnail","hentry","product_cat-elements","product_cat-jednorazove-pevne-castice","pa_filtration-grade-disp-filter-grade-disp-3","pa_filtration-grade-disp-filter-grade-disp-4","pa_filtration-grade-disp-filter-grade-disp-5","pa_filtration-grade-disp-filter-grade-disp-6","pa_filtration-grade-disp-filter-grade-disp-7","pa_filtration-grade-disp-filter-grade-disp-8","pa_grade-micro-001","pa_grade-micro-02","pa_grade-micro-03","pa_grade-micro-8","pa_grade-micro-25","pa_grade-micro-75","pa_material-epoxy-ester","pa_material-pvdf","pa_material-silica","pa_material-silicon","pa_material-elementu-epoxy-ester-particular","pa_material-elementu-pvdf-binder-particular","pa_material-elementu-silicone-binder-particular","pa_material-elementu-silica-binder-particular","pa_teplota-temp-150","pa_teplota-temp-200","pa_teplota-temp-500","pa_velkost-elementu-element-10-32"],"yoast_head":"<!-- This site is optimized with the Yoast SEO Premium plugin v18.1 (Yoast SEO v18.2) - https:\/\/yoast.com\/wordpress\/plugins\/seo\/ -->\n<title>10.32.\u2022\u2022 Filter jednorazov\u00fd - 3dsro<\/title>\n<meta name=\"description\" content=\"Jednorazov\u00e9 filtra\u010dn\u00e9 prvky s\u00fa vyroben\u00e9 zo zmesi mikrovl\u00e1kna borosilik\u00e1tov\u00e9ho skla a pojiva. Pon\u00fakaj\u00fa v\u00fdnimo\u010dn\u00fa \u00fa\u010dinnos\u0165 filtr\u00e1cie pri ve\u013emi n\u00edzkych tlakov\u00fdch strat\u00e1ch a z\u00e1rove\u0148 dlh\u00fa \u017eivotnos\u0165 filtra\u010dn\u00e9ho elementu.\" \/>\n<meta name=\"robots\" content=\"index, follow, max-snippet:-1, max-image-preview:large, max-video-preview:-1\" \/>\n<link rel=\"canonical\" href=\"https:\/\/www.3dsro.sk\/wp1\/obchod\/10-32-filtracny-element-jednorazovy\/\" \/>\n<meta property=\"og:locale\" content=\"sk_SK\" \/>\n<meta property=\"og:type\" content=\"article\" \/>\n<meta property=\"og:title\" content=\"10.32.\u2022\u2022 Filter jednorazov\u00fd\" \/>\n<meta property=\"og:description\" content=\"Jednorazov\u00e9 filtra\u010dn\u00e9 prvky s\u00fa vyroben\u00e9 zo zmesi mikrovl\u00e1kna borosilik\u00e1tov\u00e9ho skla a pojiva. Pon\u00fakaj\u00fa v\u00fdnimo\u010dn\u00fa \u00fa\u010dinnos\u0165 filtr\u00e1cie pri ve\u013emi n\u00edzkych tlakov\u00fdch strat\u00e1ch a z\u00e1rove\u0148 dlh\u00fa \u017eivotnos\u0165 filtra\u010dn\u00e9ho elementu.\" \/>\n<meta property=\"og:url\" content=\"https:\/\/www.3dsro.sk\/wp1\/obchod\/10-32-filtracny-element-jednorazovy\/\" \/>\n<meta property=\"og:site_name\" content=\"3dsro\" \/>\n<meta property=\"article:modified_time\" content=\"2025-03-24T17:49:23+00:00\" \/>\n<meta property=\"og:image\" content=\"https:\/\/www.3dsro.sk\/wp1\/wp-content\/uploads\/2021\/11\/05_Disposable_Element_Binders-1.jpg\" \/>\n\t<meta property=\"og:image:width\" content=\"1000\" \/>\n\t<meta property=\"og:image:height\" content=\"1000\" \/>\n\t<meta property=\"og:image:type\" content=\"image\/jpeg\" \/>\n<meta name=\"twitter:card\" content=\"summary_large_image\" \/>\n<meta name=\"twitter:label1\" content=\"Availability\" \/>\n\t<meta name=\"twitter:data1\" content=\"On backorder\" \/>\n<script type=\"application\/ld+json\" class=\"yoast-schema-graph\">{\"@context\":\"https:\/\/schema.org\",\"@graph\":[{\"@type\":\"Organization\",\"@id\":\"https:\/\/www.3dsro.sk\/wp1\/#organization\",\"name\":\"3D s.r.o.\",\"url\":\"https:\/\/www.3dsro.sk\/wp1\/\",\"sameAs\":[],\"logo\":{\"@type\":\"ImageObject\",\"@id\":\"https:\/\/www.3dsro.sk\/wp1\/#logo\",\"inLanguage\":\"sk-SK\",\"url\":\"https:\/\/www.3dsro.sk\/wp1\/wp-content\/uploads\/2020\/04\/logo-png-transp_300.png\",\"contentUrl\":\"https:\/\/www.3dsro.sk\/wp1\/wp-content\/uploads\/2020\/04\/logo-png-transp_300.png\",\"width\":300,\"height\":47,\"caption\":\"3D s.r.o.\"},\"image\":{\"@id\":\"https:\/\/www.3dsro.sk\/wp1\/#logo\"}},{\"@type\":\"WebSite\",\"@id\":\"https:\/\/www.3dsro.sk\/wp1\/#website\",\"url\":\"https:\/\/www.3dsro.sk\/wp1\/\",\"name\":\"3dsro\",\"description\":\"Process automation Robotics, Process Measurement, Control Systems\",\"publisher\":{\"@id\":\"https:\/\/www.3dsro.sk\/wp1\/#organization\"},\"potentialAction\":[{\"@type\":\"SearchAction\",\"target\":{\"@type\":\"EntryPoint\",\"urlTemplate\":\"https:\/\/www.3dsro.sk\/wp1\/?s={search_term_string}\"},\"query-input\":\"required name=search_term_string\"}],\"inLanguage\":\"sk-SK\"},{\"@type\":\"ImageObject\",\"@id\":\"https:\/\/www.3dsro.sk\/wp1\/obchod\/10-32-filtracny-element-jednorazovy\/#primaryimage\",\"inLanguage\":\"sk-SK\",\"url\":\"https:\/\/www.3dsro.sk\/wp1\/wp-content\/uploads\/2021\/11\/05_Disposable_Element_Binders-1.jpg\",\"contentUrl\":\"https:\/\/www.3dsro.sk\/wp1\/wp-content\/uploads\/2021\/11\/05_Disposable_Element_Binders-1.jpg\",\"width\":1000,\"height\":1000,\"caption\":\"filtracny element\"},{\"@type\":\"WebPage\",\"@id\":\"https:\/\/www.3dsro.sk\/wp1\/obchod\/10-32-filtracny-element-jednorazovy\/#webpage\",\"url\":\"https:\/\/www.3dsro.sk\/wp1\/obchod\/10-32-filtracny-element-jednorazovy\/\",\"name\":\"10.32.\u2022\u2022 Filter jednorazov\u00fd - 3dsro\",\"isPartOf\":{\"@id\":\"https:\/\/www.3dsro.sk\/wp1\/#website\"},\"primaryImageOfPage\":{\"@id\":\"https:\/\/www.3dsro.sk\/wp1\/obchod\/10-32-filtracny-element-jednorazovy\/#primaryimage\"},\"datePublished\":\"2021-11-26T18:13:36+00:00\",\"dateModified\":\"2025-03-24T17:49:23+00:00\",\"description\":\"Jednorazov\u00e9 filtra\u010dn\u00e9 prvky s\u00fa vyroben\u00e9 zo zmesi mikrovl\u00e1kna borosilik\u00e1tov\u00e9ho skla a pojiva. Pon\u00fakaj\u00fa v\u00fdnimo\u010dn\u00fa \u00fa\u010dinnos\u0165 filtr\u00e1cie pri ve\u013emi n\u00edzkych tlakov\u00fdch strat\u00e1ch a z\u00e1rove\u0148 dlh\u00fa \u017eivotnos\u0165 filtra\u010dn\u00e9ho elementu.\",\"breadcrumb\":{\"@id\":\"https:\/\/www.3dsro.sk\/wp1\/obchod\/10-32-filtracny-element-jednorazovy\/#breadcrumb\"},\"inLanguage\":\"sk-SK\",\"potentialAction\":[{\"@type\":\"ReadAction\",\"target\":[\"https:\/\/www.3dsro.sk\/wp1\/obchod\/10-32-filtracny-element-jednorazovy\/\"]}]},{\"@type\":\"BreadcrumbList\",\"@id\":\"https:\/\/www.3dsro.sk\/wp1\/obchod\/10-32-filtracny-element-jednorazovy\/#breadcrumb\",\"itemListElement\":[{\"@type\":\"ListItem\",\"position\":1,\"name\":\"Home\",\"item\":\"https:\/\/www.3dsro.sk\/wp1\/\"},{\"@type\":\"ListItem\",\"position\":2,\"name\":\"Obchod\",\"item\":\"https:\/\/www.3dsro.sk\/wp1\/obchod\/\"},{\"@type\":\"ListItem\",\"position\":3,\"name\":\"10.32.\u2022\u2022 Filter jednorazov\u00fd\"}]}]}<\/script>\n<meta property=\"og:availability\" content=\"backorder\" \/>\n<meta property=\"product:availability\" content=\"available for order\" \/>\n<meta property=\"product:retailer_item_id\" content=\"10.32.\u2022\u2022\" \/>\n<meta property=\"product:condition\" content=\"new\" \/>\n<!-- \/ Yoast SEO Premium plugin. -->","yoast_head_json":{"title":"10.32.\u2022\u2022 Filter jednorazov\u00fd - 3dsro","description":"Jednorazov\u00e9 filtra\u010dn\u00e9 prvky s\u00fa vyroben\u00e9 zo zmesi mikrovl\u00e1kna borosilik\u00e1tov\u00e9ho skla a pojiva. Pon\u00fakaj\u00fa v\u00fdnimo\u010dn\u00fa \u00fa\u010dinnos\u0165 filtr\u00e1cie pri ve\u013emi n\u00edzkych tlakov\u00fdch strat\u00e1ch a z\u00e1rove\u0148 dlh\u00fa \u017eivotnos\u0165 filtra\u010dn\u00e9ho elementu.","robots":{"index":"index","follow":"follow","max-snippet":"max-snippet:-1","max-image-preview":"max-image-preview:large","max-video-preview":"max-video-preview:-1"},"canonical":"https:\/\/www.3dsro.sk\/wp1\/obchod\/10-32-filtracny-element-jednorazovy\/","og_locale":"sk_SK","og_type":"article","og_title":"10.32.\u2022\u2022 Filter jednorazov\u00fd","og_description":"Jednorazov\u00e9 filtra\u010dn\u00e9 prvky s\u00fa vyroben\u00e9 zo zmesi mikrovl\u00e1kna borosilik\u00e1tov\u00e9ho skla a pojiva. Pon\u00fakaj\u00fa v\u00fdnimo\u010dn\u00fa \u00fa\u010dinnos\u0165 filtr\u00e1cie pri ve\u013emi n\u00edzkych tlakov\u00fdch strat\u00e1ch a z\u00e1rove\u0148 dlh\u00fa \u017eivotnos\u0165 filtra\u010dn\u00e9ho elementu.","og_url":"https:\/\/www.3dsro.sk\/wp1\/obchod\/10-32-filtracny-element-jednorazovy\/","og_site_name":"3dsro","article_modified_time":"2025-03-24T17:49:23+00:00","og_image":[{"width":1000,"height":1000,"url":"https:\/\/www.3dsro.sk\/wp1\/wp-content\/uploads\/2021\/11\/05_Disposable_Element_Binders-1.jpg","type":"image\/jpeg"}],"twitter_card":"summary_large_image","twitter_misc":{"Availability":"On backorder"},"schema":{"@context":"https:\/\/schema.org","@graph":[{"@type":"Organization","@id":"https:\/\/www.3dsro.sk\/wp1\/#organization","name":"3D s.r.o.","url":"https:\/\/www.3dsro.sk\/wp1\/","sameAs":[],"logo":{"@type":"ImageObject","@id":"https:\/\/www.3dsro.sk\/wp1\/#logo","inLanguage":"sk-SK","url":"https:\/\/www.3dsro.sk\/wp1\/wp-content\/uploads\/2020\/04\/logo-png-transp_300.png","contentUrl":"https:\/\/www.3dsro.sk\/wp1\/wp-content\/uploads\/2020\/04\/logo-png-transp_300.png","width":300,"height":47,"caption":"3D s.r.o."},"image":{"@id":"https:\/\/www.3dsro.sk\/wp1\/#logo"}},{"@type":"WebSite","@id":"https:\/\/www.3dsro.sk\/wp1\/#website","url":"https:\/\/www.3dsro.sk\/wp1\/","name":"3dsro","description":"Process automation Robotics, Process Measurement, Control Systems","publisher":{"@id":"https:\/\/www.3dsro.sk\/wp1\/#organization"},"potentialAction":[{"@type":"SearchAction","target":{"@type":"EntryPoint","urlTemplate":"https:\/\/www.3dsro.sk\/wp1\/?s={search_term_string}"},"query-input":"required name=search_term_string"}],"inLanguage":"sk-SK"},{"@type":"ImageObject","@id":"https:\/\/www.3dsro.sk\/wp1\/obchod\/10-32-filtracny-element-jednorazovy\/#primaryimage","inLanguage":"sk-SK","url":"https:\/\/www.3dsro.sk\/wp1\/wp-content\/uploads\/2021\/11\/05_Disposable_Element_Binders-1.jpg","contentUrl":"https:\/\/www.3dsro.sk\/wp1\/wp-content\/uploads\/2021\/11\/05_Disposable_Element_Binders-1.jpg","width":1000,"height":1000,"caption":"filtracny element"},{"@type":"WebPage","@id":"https:\/\/www.3dsro.sk\/wp1\/obchod\/10-32-filtracny-element-jednorazovy\/#webpage","url":"https:\/\/www.3dsro.sk\/wp1\/obchod\/10-32-filtracny-element-jednorazovy\/","name":"10.32.\u2022\u2022 Filter jednorazov\u00fd - 3dsro","isPartOf":{"@id":"https:\/\/www.3dsro.sk\/wp1\/#website"},"primaryImageOfPage":{"@id":"https:\/\/www.3dsro.sk\/wp1\/obchod\/10-32-filtracny-element-jednorazovy\/#primaryimage"},"datePublished":"2021-11-26T18:13:36+00:00","dateModified":"2025-03-24T17:49:23+00:00","description":"Jednorazov\u00e9 filtra\u010dn\u00e9 prvky s\u00fa vyroben\u00e9 zo zmesi mikrovl\u00e1kna borosilik\u00e1tov\u00e9ho skla a pojiva. Pon\u00fakaj\u00fa v\u00fdnimo\u010dn\u00fa \u00fa\u010dinnos\u0165 filtr\u00e1cie pri ve\u013emi n\u00edzkych tlakov\u00fdch strat\u00e1ch a z\u00e1rove\u0148 dlh\u00fa \u017eivotnos\u0165 filtra\u010dn\u00e9ho elementu.","breadcrumb":{"@id":"https:\/\/www.3dsro.sk\/wp1\/obchod\/10-32-filtracny-element-jednorazovy\/#breadcrumb"},"inLanguage":"sk-SK","potentialAction":[{"@type":"ReadAction","target":["https:\/\/www.3dsro.sk\/wp1\/obchod\/10-32-filtracny-element-jednorazovy\/"]}]},{"@type":"BreadcrumbList","@id":"https:\/\/www.3dsro.sk\/wp1\/obchod\/10-32-filtracny-element-jednorazovy\/#breadcrumb","itemListElement":[{"@type":"ListItem","position":1,"name":"Home","item":"https:\/\/www.3dsro.sk\/wp1\/"},{"@type":"ListItem","position":2,"name":"Obchod","item":"https:\/\/www.3dsro.sk\/wp1\/obchod\/"},{"@type":"ListItem","position":3,"name":"10.32.\u2022\u2022 Filter jednorazov\u00fd"}]}]},"og_availability":"backorder","product_availability":"available for order","product_retailer_item_id":"10.32.\u2022\u2022","product_condition":"new"},"_links":{"self":[{"href":"https:\/\/www.3dsro.sk\/wp1\/wp-json\/wp\/v2\/product\/2724","targetHints":{"allow":["GET"]}}],"collection":[{"href":"https:\/\/www.3dsro.sk\/wp1\/wp-json\/wp\/v2\/product"}],"about":[{"href":"https:\/\/www.3dsro.sk\/wp1\/wp-json\/wp\/v2\/types\/product"}],"wp:featuredmedia":[{"embeddable":true,"href":"https:\/\/www.3dsro.sk\/wp1\/wp-json\/wp\/v2\/media\/2786"}],"wp:attachment":[{"href":"https:\/\/www.3dsro.sk\/wp1\/wp-json\/wp\/v2\/media?parent=2724"}],"wp:term":[{"taxonomy":"product_cat","embeddable":true,"href":"https:\/\/www.3dsro.sk\/wp1\/wp-json\/wp\/v2\/product_cat?post=2724"},{"taxonomy":"product_tag","embeddable":true,"href":"https:\/\/www.3dsro.sk\/wp1\/wp-json\/wp\/v2\/product_tag?post=2724"}],"curies":[{"name":"wp","href":"https:\/\/api.w.org\/{rel}","templated":true}]}}